{"id":2029,"date":"2025-09-15T15:51:20","date_gmt":"2025-09-15T13:51:20","guid":{"rendered":"https:\/\/clamps.atlanticgroup.it\/nuovo-company-profile\/"},"modified":"2025-09-16T10:22:13","modified_gmt":"2025-09-16T08:22:13","slug":"neues-unternehmensprofil","status":"publish","type":"page","link":"https:\/\/clamps.atlanticgroup.it\/de\/neues-unternehmensprofil\/","title":{"rendered":"Neues Unternehmensprofil"},"content":{"rendered":"<div class=\"wpb-content-wrapper\"><p>[vc_row full_width=&#8220;stretch_row&#8220; css=&#8220;.vc_custom_1757675716855{padding-top: 35px !important;background-image: url(https:\/\/clamps.atlanticgroup.it\/wp-content\/uploads\/2025\/09\/40-anni-collari-bg-3.webp?id=1902) !important;background-position: center !important;background-repeat: no-repeat !important;background-size: cover !important;}&#8220;][vc_column][vc_custom_heading text=&#8220;<b style=&quot;``color:#feeb07``&quot;>40 Jahre<\/b> Produktion an Ihrer Seite&#8220; font_container=&#8220;tag:h2|text_align:center|color:%23143662&#8243; use_theme_fonts=&#8220;yes&#8220; css_animation=&#8220;fadeInDown&#8220; css=&#8220;&#8220;][vc_single_image image=&#8220;2045&#8243; img_size=&#8220;full&#8220; alignment=&#8220;center&#8220; css=&#8220;.vc_custom_1757675029144{margin-bottom: 0px !important;}&#8220;][\/vc_column][\/vc_row][vc_row][vc_column width=&#8220;1\/2&#8243;][vc_single_image image=&#8220;2032&#8243; img_size=&#8220;full&#8220; css=&#8220;&#8220;][\/vc_column][vc_column width=&#8220;1\/2&#8243;][vc_custom_heading text=&#8220;Unternehmensprofil&#8220; use_theme_fonts=&#8220;yes&#8220; css_animation=&#8220;fadeInDown&#8220; css=&#8220;&#8220;][vc_column_text css=&#8220;&#8220;]Unsere vierzigj\u00e4hrige Erfahrung in der Herstellung und Vermarktung von Schlauchschellen erm\u00f6glicht es uns, unseren Kunden stets zuverl\u00e4ssige und qualitativ hochwertige Produkte anzubieten. Diese Erfahrung verbinden wir mit unserem st\u00e4ndigen Streben nach Innovation, um einen pr\u00e4zisen, p\u00fcnktlichen und wettbewerbsf\u00e4higen Service zu gew\u00e4hrleisten. <\/p>\n<p>In unserer Zentrale in Castelnovo Sotto, Reggio Emilia, sind neben den allgemeinen Kontroll-, Vertriebs- und Verwaltungsfunktionen auch die Bereiche Entwicklung, Konstruktion und Engineering sowie die Produktion von SCHLAUCHSCHELLEN und AUTOMATISCHEN MASCHINEN und ANLAGEN f\u00fcr Gew\u00e4chsh\u00e4user und Baumschulen zentralisiert.<br \/>In den anderen externen Produktionseinheiten werden die FLEXIBLEN SCHL\u00c4UCHE hergestellt.[\/vc_column_text][\/vc_column][\/vc_row][vc_row css=&#8220;.vc_custom_1757664911262{margin-bottom: 30px !important;}&#8220;][vc_column][vc_row_inner css=&#8220;.vc_custom_1757671376185{margin-bottom: 15px !important;}&#8220;][vc_column_inner][vc_custom_heading text=&#8220;Was wir tun&#8220; use_theme_fonts=&#8220;yes&#8220; css_animation=&#8220;fadeInDown&#8220; css=&#8220;&#8220;][\/vc_column_inner][\/vc_row_inner][vc_row_inner gap=&#8220;35&#8243;][vc_column_inner width=&#8220;1\/3&#8243; css=&#8220;.vc_custom_1757665025909{padding: 15px !important;background-color: #F1F1F1 !important;}&#8220;]<div class=\"icon_box icon_position_top no_border\"><a class=\"\" href=\"https:\/\/clamps.atlanticgroup.it\/fascette-e-collari-stringitubo\/\" target=\"_blank\"  title=\"\"><div class=\"image_wrapper\"><img loading=\"lazy\" decoding=\"async\" class=\"scale-with-grid\" src=\"https:\/\/clamps.atlanticgroup.it\/wp-content\/uploads\/2025\/05\/collare-stringitubo-a-bullone.jpg\" alt=\"collare-stringitubo-a-bullone\" width=\"1200\" height=\"1200\"\/><\/div><div class=\"desc_wrapper\"><h4 class=\"title \">Schellen und Klemmen<\/h4><div class=\"desc\">Schellen f\u00fcr professionelle Schwerlastanwendungen sowie f\u00fcr die Leichtindustrie und den Gartenbau.<\/div><\/div><\/a><\/div>\n[\/vc_column_inner][vc_column_inner width=&#8220;1\/3&#8243; css=&#8220;.vc_custom_1757665057982{padding: 15px !important;background-color: #F1F1F1 !important;}&#8220;]<div class=\"icon_box icon_position_top no_border\"><a class=\"\" href=\"https:\/\/tech.atlanticgroup.it\/it\/tecnologie-per-vivai\/\" target=\"_blank\"  title=\"\"><div class=\"image_wrapper\"><img loading=\"lazy\" decoding=\"async\" class=\"scale-with-grid\" src=\"https:\/\/clamps.atlanticgroup.it\/wp-content\/uploads\/2025\/09\/macchinari-serre-vivai-copia.webp\" alt=\"macchinari-serre-vivai copia\" width=\"1200\" height=\"1200\"\/><\/div><div class=\"desc_wrapper\"><h4 class=\"title \">Maschinen f\u00fcr Gew\u00e4chsh\u00e4user und Baumschulen<\/h4><div class=\"desc\">Automatisierung jeder Art im Garten-, Blumen- und Baumschulbereich, Gew\u00e4chsh\u00e4user f\u00fcr Wachstum und Produktion.<\/div><\/div><\/a><\/div>\n[\/vc_column_inner][vc_column_inner width=&#8220;1\/3&#8243; css=&#8220;.vc_custom_1757665075305{padding: 15px !important;background-color: #F1F1F1 !important;}&#8220;]<div class=\"icon_box icon_position_top no_border\"><div class=\"image_wrapper\"><img loading=\"lazy\" decoding=\"async\" class=\"scale-with-grid\" src=\"https:\/\/clamps.atlanticgroup.it\/wp-content\/uploads\/2025\/09\/atlantic-tubi-1.jpg\" alt=\"atlantic-tubi\" width=\"600\" height=\"600\"\/><\/div><div class=\"desc_wrapper\"><h4 class=\"title \">Flexible PVC-Schl\u00e4uche<\/h4><div class=\"desc\">Druck- und Saugschl\u00e4uche f\u00fcr den Gro\u00dfhandel, die Landwirtschaft und die Industrie.<\/div><\/div><\/div>\n[\/vc_column_inner][\/vc_row_inner][\/vc_column][\/vc_row][vc_row full_width=&#8220;stretch_row&#8220; css=&#8220;.vc_custom_1757674810867{padding-top: 50px !important;padding-bottom: 50px !important;background-color: #000000 !important;}&#8220;][vc_column][vc_row_inner equal_height=&#8220;yes&#8220; content_placement=&#8220;middle&#8220;][vc_column_inner width=&#8220;1\/2&#8243;][vc_custom_heading text=&#8220;Forschung &amp; Entwicklung&#8220; font_container=&#8220;tag:h2|text_align:left|color:%23FEEB07&#8243; use_theme_fonts=&#8220;yes&#8220; css_animation=&#8220;fadeInDown&#8220; css=&#8220;.vc_custom_1757676974323{margin-bottom: 25px !important;}&#8220;][vc_column_text css=&#8220;&#8220; el_class=&#8220;wp-block-cover-text&#8220;]<strong>FORSCHUNG<\/strong> und <strong>ENTWICKLUNG<\/strong> sind strategisch prim\u00e4re Ziele, um die Qualit\u00e4t und Wettbewerbsf\u00e4higkeit all unserer Produkte zu verbessern; zahlreiche international angemeldete und anerkannte <strong>PATENTE<\/strong> zeugen davon.<\/p>\n<p>Stets sehr aufmerksam auf die industrielle Entwicklung, die besonders im letzten Jahrzehnt die Produktionssysteme weltweit betroffen und beeinflusst hat, hat unser Unternehmen nie den spezifischen Wunsch aus den Augen verloren, in den eigenen Werken in Italien zu produzieren, wobei f\u00fcr alle unsere Produkte ein Stil und eine Qualit\u00e4t <strong>MADE IN ITALY<\/strong> sowie die CE-Kennzeichnung garantiert werden.[\/vc_column_text][\/vc_column_inner][vc_column_inner width=&#8220;1\/2&#8243;][vc_single_image image=&#8220;2031&#8243; img_size=&#8220;full&#8220; css=&#8220;&#8220;][\/vc_column_inner][\/vc_row_inner][\/vc_column][\/vc_row][vc_row full_width=&#8220;stretch_row&#8220; css=&#8220;.vc_custom_1757674798606{background-color: #252832 !important;}&#8220;][vc_column][vc_row_inner equal_height=&#8220;yes&#8220; content_placement=&#8220;top&#8220;][vc_column_inner width=&#8220;1\/3&#8243;][vc_custom_heading text=&#8220;Wir exportieren in alle Kontinente und sind in mehreren davon mit eigenen Niederlassungen oder Joint Ventures vertreten.&#8220; font_container=&#8220;tag:h3|text_align:left|color:%23ffffff&#8220; google_fonts=&#8220;font_family:Lato%3A100%2C100italic%2C300%2C300italic%2Cregular%2Citalic%2C700%2C700italic%2C900%2C900italic|font_style:300%20light%20regular%3A300%3Anormal&#8220; css_animation=&#8220;fadeIn&#8220; css=&#8220;.vc_custom_1757603458953{margin-top: 45px !important;}&#8220;][\/vc_column_inner][vc_column_inner width=&#8220;2\/3&#8243;][vc_single_image image=&#8220;2042&#8243; img_size=&#8220;full&#8220; alignment=&#8220;center&#8220; css=&#8220;&#8220;][\/vc_column_inner][\/vc_row_inner][vc_row_inner][vc_column_inner width=&#8220;1\/4&#8243;]<div class=\"quick_fact align_center animate-math\"><div class=\"number-wrapper\"><span class=\"number\" data-to=\"40\">40<\/span><span class=\"label postfix\">+<\/span><\/div><h3 class=\"title title_tag \">JAHRE<\/h3><hr class=\"hr_narrow\" \/><div class=\"desc\">Branchenerfahrung<\/div><\/div>\n[\/vc_column_inner][vc_column_inner width=&#8220;1\/4&#8243;]<div class=\"quick_fact align_center animate-math\"><div class=\"number-wrapper\"><span class=\"number\" data-to=\"50\">50<\/span><\/div><h3 class=\"title title_tag \">PROZENT<\/h3><hr class=\"hr_narrow\" \/><div class=\"desc\">An Exportumsatz<\/div><\/div>\n[\/vc_column_inner][vc_column_inner width=&#8220;1\/4&#8243;]<div class=\"quick_fact align_center animate-math\"><div class=\"number-wrapper\"><span class=\"number\" data-to=\"68\">68<\/span><\/div><h3 class=\"title title_tag \">L\u00c4NDER<\/h3><hr class=\"hr_narrow\" \/><div class=\"desc\">L\u00e4nder, in die wir exportieren<\/div><\/div>\n[\/vc_column_inner][vc_column_inner width=&#8220;1\/4&#8243;]<div class=\"quick_fact align_center animate-math\"><div class=\"number-wrapper\"><span class=\"number\" data-to=\"3000\">3000<\/span><span class=\"label postfix\">+<\/span><\/div><h3 class=\"title title_tag \">KUNDEN<\/h3><hr class=\"hr_narrow\" \/><div class=\"desc\">Weltweit<\/div><\/div>\n[\/vc_column_inner][\/vc_row_inner][\/vc_column][\/vc_row][vc_row disable_element=&#8220;yes&#8220;][vc_column][vc_separator border_width=&#8220;2&#8243;][vc_column_text]<strong>DIE PRODUKTPALETTE DER ATLANTIC MAN. GROUP OF MANUFACTURERS: <\/strong><\/p>\n<p><a title=\"Schlauchschellen\" href=\"http:\/\/clamps.atlanticgroup.it\/\"><strong>Schlauchschellen<\/strong><\/a><br \/>Schlauchschellen mit Schraubverschluss f\u00fcr professionelle Schwerlastanwendungen: Landwirtschaft, Industrie, Motoren, Schiffbau.<br \/>Zur Vervollst\u00e4ndigung des Schellenprogramms f\u00fchren wir seit jeher auch die \u201eSmall Clamps\u201c mit Schneckengetriebe f\u00fcr die Leichtindustrie und den Gartenbau.<\/p>\n<p><a title=\"Flexible PVC- und Gummischl\u00e4uche\" href=\"http:\/\/hoses.atlanticgroup.it\/\"><strong>Flexible PVC- und Gummischl\u00e4uche<\/strong><\/a><br \/>Flexible Druck- und Saugschl\u00e4uche f\u00fcr den Gro\u00dfhandel, die Landwirtschaft und die Industrie.<\/p>\n<p><a title=\"Maschinen und Ausr\u00fcstungen \u2013 Technologie in der Baumschule\" href=\"http:\/\/tech.atlanticgroup.it\/\"><strong>Maschinen und Ausr\u00fcstungen \u2013 Technologie in der Baumschule<\/strong><\/a><br \/>Automatisierung jeder Art f\u00fcr Baumschulen von Jungpflanzen im Garten-, Blumen- und Baumschulbereich; Gew\u00e4chsh\u00e4user f\u00fcr Wachstum und Produktion.<br \/>Dank des Pools von beteiligten und vertretenen Unternehmen und Fachleuten der Branche sind wir in der Lage, die TECHNOLOGIE und das unverzichtbare KNOW-HOW anzubieten, um \u00e4u\u00dferst funktionale und produktive ANLAGEN zu realisieren, die f\u00fcr die Entwicklung moderner BAUMSCHULEN notwendig sind, welche von lokalem, entsprechend geschultem und mechanisch unterst\u00fctztem Personal betrieben werden.[\/vc_column_text][\/vc_column][\/vc_row][vc_row full_width=&#8220;stretch_row&#8220; css=&#8220;.vc_custom_1757604413790{background-color: #FFFFFF !important;}&#8220;][vc_column][vc_custom_heading text=&#8220;Zertifizierungen&#8220; font_container=&#8220;tag:h2|text_align:center&#8220; use_theme_fonts=&#8220;yes&#8220; css_animation=&#8220;fadeInDown&#8220;][vc_empty_space height=&#8220;20px&#8220;][vc_row_inner equal_height=&#8220;yes&#8220; content_placement=&#8220;top&#8220;][vc_column_inner width=&#8220;1\/3&#8243;][vc_single_image image=&#8220;1367&#8243; img_size=&#8220;80&#215;80&#8243; alignment=&#8220;center&#8220; onclick=&#8220;custom_link&#8220; img_link_target=&#8220;_blank&#8220; css=&#8220;.vc_custom_1757603905502{margin-bottom: 10px !important;padding-right: 20% !important;padding-left: 20% !important;}&#8220; link=&#8220;https:\/\/atlanticgroup.it\/wp-content\/uploads\/2024\/12\/ISO-9001-Atlantic-Man.pdf&#8220;][vc_custom_heading text=&#8220;UNI EN ISO 9001: 2015&#8243; font_container=&#8220;tag:h4|font_size:0.8em|text_align:center&#8220; use_theme_fonts=&#8220;yes&#8220; css=&#8220;&#8220;][\/vc_column_inner][vc_column_inner width=&#8220;1\/3&#8243;][vc_single_image image=&#8220;1130&#8243; img_size=&#8220;80&#215;80&#8243; alignment=&#8220;center&#8220; onclick=&#8220;custom_link&#8220; img_link_target=&#8220;_blank&#8220; css=&#8220;.vc_custom_1757603912371{margin-bottom: 10px !important;padding-right: 20% !important;padding-left: 20% !important;}&#8220; link=&#8220;https:\/\/atlanticgroup.it\/wp-content\/uploads\/2024\/12\/ISO-14001-Atlantic-Man.pdf&#8220;][vc_custom_heading text=&#8220;UNI EN ISO 14001: 2015&#8243; font_container=&#8220;tag:h4|font_size:0.8em|text_align:center&#8220; use_theme_fonts=&#8220;yes&#8220; css=&#8220;&#8220;][\/vc_column_inner][vc_column_inner width=&#8220;1\/3&#8243;][vc_single_image image=&#8220;2043&#8243; img_size=&#8220;80&#215;80&#8243; alignment=&#8220;center&#8220; onclick=&#8220;custom_link&#8220; css=&#8220;.vc_custom_1757604742953{margin-bottom: 10px !important;padding-right: 20% !important;padding-left: 20% !important;}&#8220; link=&#8220;http:\/\/#&#8220;][vc_custom_heading text=&#8220;UNI EN ISO 14001: 2015&#8243; font_container=&#8220;tag:h4|font_size:0.8em|text_align:center&#8220; use_theme_fonts=&#8220;yes&#8220; css=&#8220;&#8220;][\/vc_column_inner][\/vc_row_inner][\/vc_column][\/vc_row]<\/p>\n<\/div>","protected":false},"excerpt":{"rendered":"<p>[vc_row full_width=&#8220;stretch_row&#8220; css=&#8220;.vc_custom_1757675716855{padding-top: 35px !important;background-image: url(https:\/\/clamps.atlanticgroup.it\/wp-content\/uploads\/2025\/09\/40-anni-collari-bg-3.webp?id=1902) !important;background-position: center !important;background-repeat: no-repeat !important;background-size: cover !important;}&#8220;][vc_column][vc_custom_heading text=&#8220;40 Jahre Produktion an Ihrer Seite&#8220; font_container=&#8220;tag:h2|text_align:center|color:%23143662&#8243; use_theme_fonts=&#8220;yes&#8220; css_animation=&#8220;fadeInDown&#8220; css=&#8220;&#8220;][vc_single_image image=&#8220;2045&#8243; img_size=&#8220;full&#8220; alignment=&#8220;center&#8220;<span class=\"excerpt-hellip\"> [\u2026]<\/span><\/p>\n","protected":false},"author":1,"featured_media":2044,"parent":0,"menu_order":0,"comment_status":"closed","ping_status":"closed","template":"","meta":{"footnotes":""},"class_list":["post-2029","page","type-page","status-publish","has-post-thumbnail","hentry"],"yoast_head":"<!-- This site is optimized with the Yoast SEO plugin v27.0 - https:\/\/yoast.com\/product\/yoast-seo-wordpress\/ -->\n<title>Neues Unternehmensprofil - Schlauchschellen | Atlantic Group<\/title>\n<meta name=\"robots\" content=\"index, follow, max-snippet:-1, max-image-preview:large, max-video-preview:-1\" \/>\n<link rel=\"canonical\" href=\"https:\/\/clamps.atlanticgroup.it\/de\/neues-unternehmensprofil\/\" \/>\n<meta property=\"og:locale\" content=\"de_DE\" \/>\n<meta property=\"og:type\" content=\"article\" \/>\n<meta property=\"og:title\" content=\"Neues Unternehmensprofil - Schlauchschellen | Atlantic Group\" \/>\n<meta property=\"og:description\" content=\"[vc_row full_width=&#8220;stretch_row&#8220; css=&#8220;.vc_custom_1757675716855{padding-top: 35px !important;background-image: url(https:\/\/clamps.atlanticgroup.it\/wp-content\/uploads\/2025\/09\/40-anni-collari-bg-3.webp?id=1902) !important;background-position: center !important;background-repeat: no-repeat !important;background-size: cover !important;}&#8220;][vc_column][vc_custom_heading text=&#8220;40 Jahre Produktion an Ihrer Seite&#8220; font_container=&#8220;tag:h2|text_align:center|color:%23143662&#8243; use_theme_fonts=&#8220;yes&#8220; css_animation=&#8220;fadeInDown&#8220; css=&#8220;&#8220;][vc_single_image image=&#8220;2045&#8243; img_size=&#8220;full&#8220; alignment=&#8220;center&#8220; [\u2026]\" \/>\n<meta property=\"og:url\" content=\"https:\/\/clamps.atlanticgroup.it\/de\/neues-unternehmensprofil\/\" \/>\n<meta property=\"og:site_name\" content=\"Schlauchschellen | Atlantic Group\" \/>\n<meta property=\"article:publisher\" content=\"https:\/\/www.facebook.com\/AtlanticManSrl\" \/>\n<meta property=\"article:modified_time\" content=\"2025-09-16T08:22:13+00:00\" \/>\n<meta name=\"twitter:card\" content=\"summary_large_image\" \/>\n<meta name=\"twitter:label1\" content=\"Gesch\u00e4tzte Lesezeit\" \/>\n\t<meta name=\"twitter:data1\" content=\"6\u00a0Minuten\" \/>\n<script type=\"application\/ld+json\" class=\"yoast-schema-graph\">{\"@context\":\"https:\/\/schema.org\",\"@graph\":[{\"@type\":\"WebPage\",\"@id\":\"https:\/\/clamps.atlanticgroup.it\/de\/neues-unternehmensprofil\/\",\"url\":\"https:\/\/clamps.atlanticgroup.it\/de\/neues-unternehmensprofil\/\",\"name\":\"Neues Unternehmensprofil - Schlauchschellen | Atlantic Group\",\"isPartOf\":{\"@id\":\"https:\/\/clamps.atlanticgroup.it\/#website\"},\"primaryImageOfPage\":{\"@id\":\"https:\/\/clamps.atlanticgroup.it\/de\/neues-unternehmensprofil\/#primaryimage\"},\"image\":{\"@id\":\"https:\/\/clamps.atlanticgroup.it\/de\/neues-unternehmensprofil\/#primaryimage\"},\"thumbnailUrl\":\"https:\/\/clamps.atlanticgroup.it\/wp-content\/uploads\/2025\/09\/adv-redazionale-v1.webp\",\"datePublished\":\"2025-09-15T13:51:20+00:00\",\"dateModified\":\"2025-09-16T08:22:13+00:00\",\"breadcrumb\":{\"@id\":\"https:\/\/clamps.atlanticgroup.it\/de\/neues-unternehmensprofil\/#breadcrumb\"},\"inLanguage\":\"de\",\"potentialAction\":[{\"@type\":\"ReadAction\",\"target\":[\"https:\/\/clamps.atlanticgroup.it\/de\/neues-unternehmensprofil\/\"]}]},{\"@type\":\"ImageObject\",\"inLanguage\":\"de\",\"@id\":\"https:\/\/clamps.atlanticgroup.it\/de\/neues-unternehmensprofil\/#primaryimage\",\"url\":\"https:\/\/clamps.atlanticgroup.it\/wp-content\/uploads\/2025\/09\/adv-redazionale-v1.webp\",\"contentUrl\":\"https:\/\/clamps.atlanticgroup.it\/wp-content\/uploads\/2025\/09\/adv-redazionale-v1.webp\",\"width\":2548,\"height\":1433},{\"@type\":\"BreadcrumbList\",\"@id\":\"https:\/\/clamps.atlanticgroup.it\/de\/neues-unternehmensprofil\/#breadcrumb\",\"itemListElement\":[{\"@type\":\"ListItem\",\"position\":1,\"name\":\"Home\",\"item\":\"https:\/\/clamps.atlanticgroup.it\/de\/\"},{\"@type\":\"ListItem\",\"position\":2,\"name\":\"Neues Unternehmensprofil\"}]},{\"@type\":\"WebSite\",\"@id\":\"https:\/\/clamps.atlanticgroup.it\/#website\",\"url\":\"https:\/\/clamps.atlanticgroup.it\/\",\"name\":\"Schlauchschellen | Atlantic Group\",\"description\":\"\",\"publisher\":{\"@id\":\"https:\/\/clamps.atlanticgroup.it\/#organization\"},\"potentialAction\":[{\"@type\":\"SearchAction\",\"target\":{\"@type\":\"EntryPoint\",\"urlTemplate\":\"https:\/\/clamps.atlanticgroup.it\/?s={search_term_string}\"},\"query-input\":{\"@type\":\"PropertyValueSpecification\",\"valueRequired\":true,\"valueName\":\"search_term_string\"}}],\"inLanguage\":\"de\"},{\"@type\":\"Organization\",\"@id\":\"https:\/\/clamps.atlanticgroup.it\/#organization\",\"name\":\"Schlauchschellen | Atlantic Group\",\"url\":\"https:\/\/clamps.atlanticgroup.it\/\",\"logo\":{\"@type\":\"ImageObject\",\"inLanguage\":\"de\",\"@id\":\"https:\/\/clamps.atlanticgroup.it\/#\/schema\/logo\/image\/\",\"url\":\"https:\/\/clamps.atlanticgroup.it\/wp-content\/uploads\/2019\/03\/atlantic-group-castelnovo-sotto.png\",\"contentUrl\":\"https:\/\/clamps.atlanticgroup.it\/wp-content\/uploads\/2019\/03\/atlantic-group-castelnovo-sotto.png\",\"width\":350,\"height\":66,\"caption\":\"Schlauchschellen | Atlantic Group\"},\"image\":{\"@id\":\"https:\/\/clamps.atlanticgroup.it\/#\/schema\/logo\/image\/\"},\"sameAs\":[\"https:\/\/www.facebook.com\/AtlanticManSrl\",\"https:\/\/www.linkedin.com\/company\/atlantic-man-s.r.l.\/\"]}]}<\/script>\n<!-- \/ Yoast SEO plugin. -->","yoast_head_json":{"title":"Neues Unternehmensprofil - Schlauchschellen | Atlantic Group","robots":{"index":"index","follow":"follow","max-snippet":"max-snippet:-1","max-image-preview":"max-image-preview:large","max-video-preview":"max-video-preview:-1"},"canonical":"https:\/\/clamps.atlanticgroup.it\/de\/neues-unternehmensprofil\/","og_locale":"de_DE","og_type":"article","og_title":"Neues Unternehmensprofil - Schlauchschellen | Atlantic Group","og_description":"[vc_row full_width=&#8220;stretch_row&#8220; css=&#8220;.vc_custom_1757675716855{padding-top: 35px !important;background-image: url(https:\/\/clamps.atlanticgroup.it\/wp-content\/uploads\/2025\/09\/40-anni-collari-bg-3.webp?id=1902) !important;background-position: center !important;background-repeat: no-repeat !important;background-size: cover !important;}&#8220;][vc_column][vc_custom_heading text=&#8220;40 Jahre Produktion an Ihrer Seite&#8220; font_container=&#8220;tag:h2|text_align:center|color:%23143662&#8243; use_theme_fonts=&#8220;yes&#8220; css_animation=&#8220;fadeInDown&#8220; css=&#8220;&#8220;][vc_single_image image=&#8220;2045&#8243; img_size=&#8220;full&#8220; alignment=&#8220;center&#8220; [\u2026]","og_url":"https:\/\/clamps.atlanticgroup.it\/de\/neues-unternehmensprofil\/","og_site_name":"Schlauchschellen | Atlantic Group","article_publisher":"https:\/\/www.facebook.com\/AtlanticManSrl","article_modified_time":"2025-09-16T08:22:13+00:00","twitter_card":"summary_large_image","twitter_misc":{"Gesch\u00e4tzte Lesezeit":"6\u00a0Minuten"},"schema":{"@context":"https:\/\/schema.org","@graph":[{"@type":"WebPage","@id":"https:\/\/clamps.atlanticgroup.it\/de\/neues-unternehmensprofil\/","url":"https:\/\/clamps.atlanticgroup.it\/de\/neues-unternehmensprofil\/","name":"Neues Unternehmensprofil - Schlauchschellen | Atlantic Group","isPartOf":{"@id":"https:\/\/clamps.atlanticgroup.it\/#website"},"primaryImageOfPage":{"@id":"https:\/\/clamps.atlanticgroup.it\/de\/neues-unternehmensprofil\/#primaryimage"},"image":{"@id":"https:\/\/clamps.atlanticgroup.it\/de\/neues-unternehmensprofil\/#primaryimage"},"thumbnailUrl":"https:\/\/clamps.atlanticgroup.it\/wp-content\/uploads\/2025\/09\/adv-redazionale-v1.webp","datePublished":"2025-09-15T13:51:20+00:00","dateModified":"2025-09-16T08:22:13+00:00","breadcrumb":{"@id":"https:\/\/clamps.atlanticgroup.it\/de\/neues-unternehmensprofil\/#breadcrumb"},"inLanguage":"de","potentialAction":[{"@type":"ReadAction","target":["https:\/\/clamps.atlanticgroup.it\/de\/neues-unternehmensprofil\/"]}]},{"@type":"ImageObject","inLanguage":"de","@id":"https:\/\/clamps.atlanticgroup.it\/de\/neues-unternehmensprofil\/#primaryimage","url":"https:\/\/clamps.atlanticgroup.it\/wp-content\/uploads\/2025\/09\/adv-redazionale-v1.webp","contentUrl":"https:\/\/clamps.atlanticgroup.it\/wp-content\/uploads\/2025\/09\/adv-redazionale-v1.webp","width":2548,"height":1433},{"@type":"BreadcrumbList","@id":"https:\/\/clamps.atlanticgroup.it\/de\/neues-unternehmensprofil\/#breadcrumb","itemListElement":[{"@type":"ListItem","position":1,"name":"Home","item":"https:\/\/clamps.atlanticgroup.it\/de\/"},{"@type":"ListItem","position":2,"name":"Neues Unternehmensprofil"}]},{"@type":"WebSite","@id":"https:\/\/clamps.atlanticgroup.it\/#website","url":"https:\/\/clamps.atlanticgroup.it\/","name":"Schlauchschellen | Atlantic Group","description":"","publisher":{"@id":"https:\/\/clamps.atlanticgroup.it\/#organization"},"potentialAction":[{"@type":"SearchAction","target":{"@type":"EntryPoint","urlTemplate":"https:\/\/clamps.atlanticgroup.it\/?s={search_term_string}"},"query-input":{"@type":"PropertyValueSpecification","valueRequired":true,"valueName":"search_term_string"}}],"inLanguage":"de"},{"@type":"Organization","@id":"https:\/\/clamps.atlanticgroup.it\/#organization","name":"Schlauchschellen | Atlantic Group","url":"https:\/\/clamps.atlanticgroup.it\/","logo":{"@type":"ImageObject","inLanguage":"de","@id":"https:\/\/clamps.atlanticgroup.it\/#\/schema\/logo\/image\/","url":"https:\/\/clamps.atlanticgroup.it\/wp-content\/uploads\/2019\/03\/atlantic-group-castelnovo-sotto.png","contentUrl":"https:\/\/clamps.atlanticgroup.it\/wp-content\/uploads\/2019\/03\/atlantic-group-castelnovo-sotto.png","width":350,"height":66,"caption":"Schlauchschellen | Atlantic Group"},"image":{"@id":"https:\/\/clamps.atlanticgroup.it\/#\/schema\/logo\/image\/"},"sameAs":["https:\/\/www.facebook.com\/AtlanticManSrl","https:\/\/www.linkedin.com\/company\/atlantic-man-s.r.l.\/"]}]}},"_links":{"self":[{"href":"https:\/\/clamps.atlanticgroup.it\/de\/wp-json\/wp\/v2\/pages\/2029","targetHints":{"allow":["GET"]}}],"collection":[{"href":"https:\/\/clamps.atlanticgroup.it\/de\/wp-json\/wp\/v2\/pages"}],"about":[{"href":"https:\/\/clamps.atlanticgroup.it\/de\/wp-json\/wp\/v2\/types\/page"}],"author":[{"embeddable":true,"href":"https:\/\/clamps.atlanticgroup.it\/de\/wp-json\/wp\/v2\/users\/1"}],"replies":[{"embeddable":true,"href":"https:\/\/clamps.atlanticgroup.it\/de\/wp-json\/wp\/v2\/comments?post=2029"}],"version-history":[{"count":3,"href":"https:\/\/clamps.atlanticgroup.it\/de\/wp-json\/wp\/v2\/pages\/2029\/revisions"}],"predecessor-version":[{"id":2148,"href":"https:\/\/clamps.atlanticgroup.it\/de\/wp-json\/wp\/v2\/pages\/2029\/revisions\/2148"}],"wp:featuredmedia":[{"embeddable":true,"href":"https:\/\/clamps.atlanticgroup.it\/de\/wp-json\/wp\/v2\/media\/2044"}],"wp:attachment":[{"href":"https:\/\/clamps.atlanticgroup.it\/de\/wp-json\/wp\/v2\/media?parent=2029"}],"curies":[{"name":"wp","href":"https:\/\/api.w.org\/{rel}","templated":true}]}}