{"id":2038,"date":"2025-09-15T15:51:55","date_gmt":"2025-09-15T13:51:55","guid":{"rendered":"https:\/\/clamps.atlanticgroup.it\/company-profile\/"},"modified":"2025-09-18T11:42:55","modified_gmt":"2025-09-18T09:42:55","slug":"unternehmensprofil","status":"publish","type":"page","link":"https:\/\/clamps.atlanticgroup.it\/de\/unternehmensprofil\/","title":{"rendered":"Unternehmensprofil"},"content":{"rendered":"<div class=\"wpb-content-wrapper\"><p>[vc_row full_width=&#8220;stretch_row&#8220; css=&#8220;.vc_custom_1757675716855{padding-top: 35px !important;background-image: url(https:\/\/clamps.atlanticgroup.it\/wp-content\/uploads\/2025\/09\/40-anni-collari-bg-3.webp?id=1902) !important;background-position: center !important;background-repeat: no-repeat !important;background-size: cover !important;}&#8220;][vc_column][vc_custom_heading text=&#8220;<b>40 Jahre<\/b> Produktion an Ihrer Seite&#8220; font_container=&#8220;tag:h2|text_align:center|color:%23143662&#8243; use_theme_fonts=&#8220;yes&#8220; css_animation=&#8220;fadeInDown&#8220; css=&#8220;&#8220;][vc_single_image image=&#8220;2045&#8243; img_size=&#8220;full&#8220; alignment=&#8220;center&#8220; css=&#8220;.vc_custom_1757675029144{margin-bottom: 0px !important;}&#8220;][\/vc_column][\/vc_row][vc_row full_width=&#8220;stretch_row_content&#8220; equal_height=&#8220;yes&#8220; content_placement=&#8220;middle&#8220;][vc_column width=&#8220;1\/2&#8243;][vc_single_image image=&#8220;2032&#8243; img_size=&#8220;full&#8220; css=&#8220;&#8220;][\/vc_column][vc_column width=&#8220;1\/2&#8243;][vc_custom_heading text=&#8220;Unternehmensprofil&#8220; use_theme_fonts=&#8220;yes&#8220; css_animation=&#8220;fadeInDown&#8220; css=&#8220;.vc_custom_1758108950067{margin-bottom: 25px !important;}&#8220;][vc_column_text css=&#8220;&#8220;]Mit \u00fcber <b>40 Jahren Erfahrung in der Herstellung und dem Vertrieb von Schraubschellen, Schlauchschellen und Befestigungsl\u00f6sungen<\/b>, Atlantic Man. strebt danach, ein bevorzugter Partner f\u00fcr alle zu sein, die zuverl\u00e4ssige,<b> langlebige und hochwertige Produkte suchen<\/b>. Zur \u00fcber die Jahre gewachsenen Kompetenz kombinieren wir eine st\u00e4ndige Aufmerksamkeit f\u00fcr Innovation, um einen pr\u00e4zisen, <b>termingerechten und wettbewerbsf\u00e4higen Service zu bieten<\/b>.<\/p>\n<p>Unser Hauptsitz in <b>Castelnovo di Sotto (Reggio Emilia)<\/b> bildet das pulsierende Herz des Unternehmens: Hier sind die Funktionen der allgemeinen, kommerziellen und administrativen Kontrolle sowie die Aktivit\u00e4ten in <b>Produktion, Entwicklung, Konstruktion und Engineering<\/b> zentralisiert.<\/p>\n<p class=\"p1\">An diesem Standort produzieren wir die wichtigsten <b>Befestigungsprodukte<\/b> unter Einsatz <b>automatischer und zuverl\u00e4ssiger Maschinen und Anlagen<\/b>.<\/p>\n<p>Ebenfalls innerhalb der Zentrale entwerfen, entwickeln und fertigen wir zudem die <b>Anlagen und Maschinen f\u00fcr die<span class=\"Apple-converted-space\"> <\/span>Automatisierung von Gew\u00e4chsh\u00e4usern und Baumschulen<\/b>.<\/p>\n<p class=\"p1\">Die <b>externen Produktionseinheiten<\/b> sind hingegen der Herstellung von <b>flexiblen Schl\u00e4uchen<\/b> gewidmet.<\/p>\n<p>[\/vc_column_text][\/vc_column][\/vc_row][vc_row full_width=&#8220;stretch_row_content_no_spaces&#8220; css=&#8220;.vc_custom_1758108794576{margin-bottom: 0px !important;}&#8220;][vc_column][vc_row_inner css=&#8220;.vc_custom_1757671376185{margin-bottom: 15px !important;}&#8220;][vc_column_inner][vc_custom_heading text=&#8220;Was wir tun&#8220; font_container=&#8220;tag:h2|text_align:center&#8220; use_theme_fonts=&#8220;yes&#8220; css_animation=&#8220;fadeInDown&#8220; css=&#8220;&#8220;][\/vc_column_inner][\/vc_row_inner][vc_row_inner css=&#8220;.vc_custom_1758108855545{margin-bottom: 0px !important;}&#8220;][vc_column_inner width=&#8220;1\/3&#8243; css=&#8220;.vc_custom_1757665025909{padding: 15px !important;background-color: #F1F1F1 !important;}&#8220;]<div class=\"icon_box icon_position_top no_border\"><a class=\"\" href=\"https:\/\/clamps.atlanticgroup.it\/de\/schlauchschellen-und-rohrschellen\/\" target=\"_blank\"  title=\"\"><div class=\"image_wrapper\"><img loading=\"lazy\" decoding=\"async\" class=\"scale-with-grid\" src=\"https:\/\/clamps.atlanticgroup.it\/wp-content\/uploads\/2025\/05\/collare-stringitubo-a-bullone-in-acciaio-1.jpg\" alt=\"collare-stringitubo-a-bullone-in-acciaio-1\" width=\"1200\" height=\"1200\"\/><\/div><div class=\"desc_wrapper\"><h4 class=\"title \">Schlauchschellen und Rohrschellen<\/h4><div class=\"desc\">Schellen f\u00fcr professionelle Schwerlastanwendungen sowie f\u00fcr die Leichtindustrie und den Gartenbau.<\/div><\/div><\/a><\/div>\n[\/vc_column_inner][vc_column_inner width=&#8220;1\/3&#8243; css=&#8220;.vc_custom_1757665057982{padding: 15px !important;background-color: #F1F1F1 !important;}&#8220;]<div class=\"icon_box icon_position_top no_border\"><a class=\"\" href=\"https:\/\/tech.atlanticgroup.it\/it\/tecnologie-per-vivai\/\" target=\"_blank\"  title=\"\"><div class=\"image_wrapper\"><img loading=\"lazy\" decoding=\"async\" class=\"scale-with-grid\" src=\"https:\/\/clamps.atlanticgroup.it\/wp-content\/uploads\/2025\/09\/macchinari-serre-vivai-copia.webp\" alt=\"macchinari-serre-vivai copia\" width=\"1200\" height=\"1200\"\/><\/div><div class=\"desc_wrapper\"><h4 class=\"title \">Maschinen f\u00fcr Gew\u00e4chsh\u00e4user und Baumschulen<\/h4><div class=\"desc\">Automatisierung jeder Art im Garten-, Blumen- und Baumschulbereich, Gew\u00e4chsh\u00e4user f\u00fcr Wachstum und Produktion.<\/div><\/div><\/a><\/div>\n[\/vc_column_inner][vc_column_inner width=&#8220;1\/3&#8243; css=&#8220;.vc_custom_1757665075305{padding: 15px !important;background-color: #F1F1F1 !important;}&#8220;]<div class=\"icon_box icon_position_top no_border\"><div class=\"image_wrapper\"><img loading=\"lazy\" decoding=\"async\" class=\"scale-with-grid\" src=\"https:\/\/clamps.atlanticgroup.it\/wp-content\/uploads\/2025\/09\/atlantic-tubi-1.jpg\" alt=\"atlantic-tubi\" width=\"600\" height=\"600\"\/><\/div><div class=\"desc_wrapper\"><h4 class=\"title \">Flexible PVC-Schl\u00e4uche<\/h4><div class=\"desc\">Druck- und Saugschl\u00e4uche f\u00fcr den Gro\u00dfhandel, die Landwirtschaft und die Industrie.<\/div><\/div><\/div>\n[\/vc_column_inner][\/vc_row_inner][\/vc_column][\/vc_row][vc_row full_width=&#8220;stretch_row&#8220; css=&#8220;.vc_custom_1758106854164{padding-top: 50px !important;padding-bottom: 50px !important;background-image: url(https:\/\/clamps.atlanticgroup.it\/wp-content\/uploads\/2025\/09\/atlantic-man-rd-2.webp?id=2170) !important;background-position: center !important;background-repeat: no-repeat !important;background-size: cover !important;}&#8220;][vc_column][vc_row_inner equal_height=&#8220;yes&#8220; content_placement=&#8220;middle&#8220;][vc_column_inner width=&#8220;1\/2&#8243;][\/vc_column_inner][vc_column_inner width=&#8220;1\/2&#8243;][vc_custom_heading text=&#8220;Forschung &amp; Entwicklung&#8220; font_container=&#8220;tag:h2|text_align:left|color:%23FEEF09&#8243; use_theme_fonts=&#8220;yes&#8220; css_animation=&#8220;fadeInDown&#8220; css=&#8220;.vc_custom_1758107140279{margin-bottom: 25px !important;}&#8220;][vc_column_text css=&#8220;&#8220; el_class=&#8220;wp-block-cover-text glass-effect&#8220;]F\u00fcr Atlantic Man. ist <b>Forschung und Entwicklung<\/b> seit jeher ein grundlegender Pfeiler f\u00fcr das Unternehmenswachstum. Wir investieren kontinuierlich in Innovation, um in all unseren Produktionen <b>Qualit\u00e4t<\/b>, <b>Zuverl\u00e4ssigkeit<\/b> und <b>Wettbewerbsf\u00e4higkeit<\/b> zu gew\u00e4hrleisten.[\/vc_column_text][vc_column_text css=&#8220;&#8220; el_class=&#8220;wp-block-cover-text glass-effect&#8220;]Die <b>zahlreichen internationalen<\/b> Patente, die wir im Laufe der Jahre erhalten haben, sind der greifbare Beweis f\u00fcr unser Engagement, fortschrittliche und zeitgem\u00e4\u00dfe L\u00f6sungen zu entwickeln.[\/vc_column_text][vc_column_text css=&#8220;&#8220; el_class=&#8220;wp-block-cover-text glass-effect&#8220;]Seit jeher aufmerksam gegen\u00fcber den Ver\u00e4nderungen, die Industrie und globale Wirtschaft gepr\u00e4gt haben, haben wir uns entschieden, die Produktion in <b>Italien beizubehalten<\/b> \u2013 als Mehrwert, um unseren Kunden eine direkt kontrollierte Lieferkette mit <b>Qualit\u00e4t und Stil Made in Italy<\/b> zu gew\u00e4hrleisten, konform mit den europ\u00e4ischen Standards und mit <b>CE-Kennzeichnung<\/b>.[\/vc_column_text][\/vc_column_inner][\/vc_row_inner][\/vc_column][\/vc_row][vc_row full_width=&#8220;stretch_row&#8220; css=&#8220;.vc_custom_1757674798606{background-color: #252832 !important;}&#8220;][vc_column][vc_row_inner equal_height=&#8220;yes&#8220; content_placement=&#8220;top&#8220;][vc_column_inner width=&#8220;1\/3&#8243;][vc_custom_heading text=&#8220;Wir exportieren in alle Kontinente und sind in mehreren davon mit eigenen Niederlassungen oder Joint Ventures vertreten.&#8220; font_container=&#8220;tag:h3|text_align:left|color:%23ffffff&#8220; google_fonts=&#8220;font_family:Lato%3A100%2C100italic%2C300%2C300italic%2Cregular%2Citalic%2C700%2C700italic%2C900%2C900italic|font_style:300%20light%20regular%3A300%3Anormal&#8220; css_animation=&#8220;fadeIn&#8220; css=&#8220;.vc_custom_1757603458953{margin-top: 45px !important;}&#8220;][\/vc_column_inner][vc_column_inner width=&#8220;2\/3&#8243;][vc_single_image image=&#8220;2042&#8243; img_size=&#8220;full&#8220; alignment=&#8220;center&#8220; css=&#8220;&#8220;][\/vc_column_inner][\/vc_row_inner][vc_row_inner][vc_column_inner width=&#8220;1\/4&#8243;]<div class=\"quick_fact align_center animate-math\"><div class=\"number-wrapper\"><span class=\"number\" data-to=\"40\">40<\/span><span class=\"label postfix\">+<\/span><\/div><h3 class=\"title title_tag \">JAHRE<\/h3><hr class=\"hr_narrow\" \/><div class=\"desc\">Branchenerfahrung<\/div><\/div>\n[\/vc_column_inner][vc_column_inner width=&#8220;1\/4&#8243;]<div class=\"quick_fact align_center animate-math\"><div class=\"number-wrapper\"><span class=\"number\" data-to=\"50\">50<\/span><\/div><h3 class=\"title title_tag \">PROZENT<\/h3><hr class=\"hr_narrow\" \/><div class=\"desc\">An Exportumsatz<\/div><\/div>\n[\/vc_column_inner][vc_column_inner width=&#8220;1\/4&#8243;]<div class=\"quick_fact align_center animate-math\"><div class=\"number-wrapper\"><span class=\"number\" data-to=\"68\">68<\/span><\/div><h3 class=\"title title_tag \">L\u00c4NDER<\/h3><hr class=\"hr_narrow\" \/><div class=\"desc\">L\u00e4nder, in die wir exportieren<\/div><\/div>\n[\/vc_column_inner][vc_column_inner width=&#8220;1\/4&#8243;]<div class=\"quick_fact align_center animate-math\"><div class=\"number-wrapper\"><span class=\"number\" data-to=\"3000\">3000<\/span><span class=\"label postfix\">+<\/span><\/div><h3 class=\"title title_tag \">KUNDEN<\/h3><hr class=\"hr_narrow\" \/><div class=\"desc\">Weltweit<\/div><\/div>\n[\/vc_column_inner][\/vc_row_inner][\/vc_column][\/vc_row][vc_row full_width=&#8220;stretch_row&#8220; css=&#8220;.vc_custom_1757604413790{background-color: #FFFFFF !important;}&#8220;][vc_column][vc_custom_heading text=&#8220;Zertifizierungen&#8220; font_container=&#8220;tag:h2|text_align:center&#8220; use_theme_fonts=&#8220;yes&#8220; css_animation=&#8220;fadeInDown&#8220;][vc_empty_space height=&#8220;20px&#8220;][vc_row_inner equal_height=&#8220;yes&#8220; content_placement=&#8220;top&#8220;][vc_column_inner width=&#8220;1\/3&#8243;][vc_single_image image=&#8220;1367&#8243; img_size=&#8220;80&#215;80&#8243; alignment=&#8220;center&#8220; onclick=&#8220;custom_link&#8220; img_link_target=&#8220;_blank&#8220; css=&#8220;.vc_custom_1757603905502{margin-bottom: 10px !important;padding-right: 20% !important;padding-left: 20% !important;}&#8220; link=&#8220;https:\/\/atlanticgroup.it\/wp-content\/uploads\/2024\/12\/ISO-9001-Atlantic-Man.pdf&#8220;][vc_custom_heading text=&#8220;UNI EN ISO 9001: 2015&#8243; font_container=&#8220;tag:h4|font_size:0.8em|text_align:center&#8220; use_theme_fonts=&#8220;yes&#8220; css=&#8220;&#8220;][\/vc_column_inner][vc_column_inner width=&#8220;1\/3&#8243;][vc_single_image image=&#8220;1130&#8243; img_size=&#8220;80&#215;80&#8243; alignment=&#8220;center&#8220; onclick=&#8220;custom_link&#8220; img_link_target=&#8220;_blank&#8220; css=&#8220;.vc_custom_1757603912371{margin-bottom: 10px !important;padding-right: 20% !important;padding-left: 20% !important;}&#8220; link=&#8220;https:\/\/atlanticgroup.it\/wp-content\/uploads\/2024\/12\/ISO-14001-Atlantic-Man.pdf&#8220;][vc_custom_heading text=&#8220;UNI EN ISO 14001: 2015&#8243; font_container=&#8220;tag:h4|font_size:0.8em|text_align:center&#8220; use_theme_fonts=&#8220;yes&#8220; css=&#8220;&#8220;][\/vc_column_inner][vc_column_inner width=&#8220;1\/3&#8243;][vc_single_image image=&#8220;2043&#8243; img_size=&#8220;80&#215;80&#8243; alignment=&#8220;center&#8220; onclick=&#8220;custom_link&#8220; css=&#8220;.vc_custom_1757604742953{margin-bottom: 10px !important;padding-right: 20% !important;padding-left: 20% !important;}&#8220; link=&#8220;http:\/\/#&#8220;][vc_custom_heading text=&#8220;UNI EN ISO 14001: 2015&#8243; font_container=&#8220;tag:h4|font_size:0.8em|text_align:center&#8220; use_theme_fonts=&#8220;yes&#8220; css=&#8220;&#8220;][\/vc_column_inner][\/vc_row_inner][\/vc_column][\/vc_row]<\/p>\n<\/div>","protected":false},"excerpt":{"rendered":"<p>[vc_row full_width=&#8220;stretch_row&#8220; css=&#8220;.vc_custom_1757675716855{padding-top: 35px !important;background-image: url(https:\/\/clamps.atlanticgroup.it\/wp-content\/uploads\/2025\/09\/40-anni-collari-bg-3.webp?id=1902) !important;background-position: center !important;background-repeat: no-repeat !important;background-size: cover !important;}&#8220;][vc_column][vc_custom_heading text=&#8220;40 Jahre Produktion an Ihrer Seite&#8220; font_container=&#8220;tag:h2|text_align:center|color:%23143662&#8243; use_theme_fonts=&#8220;yes&#8220; css_animation=&#8220;fadeInDown&#8220; css=&#8220;&#8220;][vc_single_image image=&#8220;2045&#8243; img_size=&#8220;full&#8220; alignment=&#8220;center&#8220;<span class=\"excerpt-hellip\"> [\u2026]<\/span><\/p>\n","protected":false},"author":1,"featured_media":0,"parent":0,"menu_order":0,"comment_status":"closed","ping_status":"closed","template":"","meta":{"footnotes":""},"class_list":["post-2038","page","type-page","status-publish","hentry"],"yoast_head":"<!-- This site is optimized with the Yoast SEO plugin v27.0 - https:\/\/yoast.com\/product\/yoast-seo-wordpress\/ -->\n<title>Unternehmensprofil - Schlauchschellen | Atlantic Group<\/title>\n<meta name=\"robots\" content=\"index, follow, max-snippet:-1, max-image-preview:large, max-video-preview:-1\" \/>\n<link rel=\"canonical\" href=\"https:\/\/clamps.atlanticgroup.it\/de\/unternehmensprofil\/\" \/>\n<meta property=\"og:locale\" content=\"de_DE\" \/>\n<meta property=\"og:type\" content=\"article\" \/>\n<meta property=\"og:title\" content=\"Unternehmensprofil - Schlauchschellen | Atlantic Group\" \/>\n<meta property=\"og:description\" content=\"[vc_row full_width=&#8220;stretch_row&#8220; css=&#8220;.vc_custom_1757675716855{padding-top: 35px !important;background-image: url(https:\/\/clamps.atlanticgroup.it\/wp-content\/uploads\/2025\/09\/40-anni-collari-bg-3.webp?id=1902) !important;background-position: center !important;background-repeat: no-repeat !important;background-size: cover !important;}&#8220;][vc_column][vc_custom_heading text=&#8220;40 Jahre Produktion an Ihrer Seite&#8220; font_container=&#8220;tag:h2|text_align:center|color:%23143662&#8243; use_theme_fonts=&#8220;yes&#8220; css_animation=&#8220;fadeInDown&#8220; css=&#8220;&#8220;][vc_single_image image=&#8220;2045&#8243; img_size=&#8220;full&#8220; alignment=&#8220;center&#8220; [\u2026]\" \/>\n<meta property=\"og:url\" content=\"https:\/\/clamps.atlanticgroup.it\/de\/unternehmensprofil\/\" \/>\n<meta property=\"og:site_name\" content=\"Schlauchschellen | Atlantic Group\" \/>\n<meta property=\"article:publisher\" content=\"https:\/\/www.facebook.com\/AtlanticManSrl\" \/>\n<meta property=\"article:modified_time\" content=\"2025-09-18T09:42:55+00:00\" \/>\n<meta name=\"twitter:card\" content=\"summary_large_image\" \/>\n<meta name=\"twitter:label1\" content=\"Gesch\u00e4tzte Lesezeit\" \/>\n\t<meta name=\"twitter:data1\" content=\"6\u00a0Minuten\" \/>\n<script type=\"application\/ld+json\" class=\"yoast-schema-graph\">{\"@context\":\"https:\/\/schema.org\",\"@graph\":[{\"@type\":\"WebPage\",\"@id\":\"https:\/\/clamps.atlanticgroup.it\/de\/unternehmensprofil\/\",\"url\":\"https:\/\/clamps.atlanticgroup.it\/de\/unternehmensprofil\/\",\"name\":\"Unternehmensprofil - Schlauchschellen | Atlantic Group\",\"isPartOf\":{\"@id\":\"https:\/\/clamps.atlanticgroup.it\/#website\"},\"datePublished\":\"2025-09-15T13:51:55+00:00\",\"dateModified\":\"2025-09-18T09:42:55+00:00\",\"breadcrumb\":{\"@id\":\"https:\/\/clamps.atlanticgroup.it\/de\/unternehmensprofil\/#breadcrumb\"},\"inLanguage\":\"de\",\"potentialAction\":[{\"@type\":\"ReadAction\",\"target\":[\"https:\/\/clamps.atlanticgroup.it\/de\/unternehmensprofil\/\"]}]},{\"@type\":\"BreadcrumbList\",\"@id\":\"https:\/\/clamps.atlanticgroup.it\/de\/unternehmensprofil\/#breadcrumb\",\"itemListElement\":[{\"@type\":\"ListItem\",\"position\":1,\"name\":\"Home\",\"item\":\"https:\/\/clamps.atlanticgroup.it\/de\/\"},{\"@type\":\"ListItem\",\"position\":2,\"name\":\"Unternehmensprofil\"}]},{\"@type\":\"WebSite\",\"@id\":\"https:\/\/clamps.atlanticgroup.it\/#website\",\"url\":\"https:\/\/clamps.atlanticgroup.it\/\",\"name\":\"Schlauchschellen | Atlantic Group\",\"description\":\"\",\"publisher\":{\"@id\":\"https:\/\/clamps.atlanticgroup.it\/#organization\"},\"potentialAction\":[{\"@type\":\"SearchAction\",\"target\":{\"@type\":\"EntryPoint\",\"urlTemplate\":\"https:\/\/clamps.atlanticgroup.it\/?s={search_term_string}\"},\"query-input\":{\"@type\":\"PropertyValueSpecification\",\"valueRequired\":true,\"valueName\":\"search_term_string\"}}],\"inLanguage\":\"de\"},{\"@type\":\"Organization\",\"@id\":\"https:\/\/clamps.atlanticgroup.it\/#organization\",\"name\":\"Schlauchschellen | Atlantic Group\",\"url\":\"https:\/\/clamps.atlanticgroup.it\/\",\"logo\":{\"@type\":\"ImageObject\",\"inLanguage\":\"de\",\"@id\":\"https:\/\/clamps.atlanticgroup.it\/#\/schema\/logo\/image\/\",\"url\":\"https:\/\/clamps.atlanticgroup.it\/wp-content\/uploads\/2019\/03\/atlantic-group-castelnovo-sotto.png\",\"contentUrl\":\"https:\/\/clamps.atlanticgroup.it\/wp-content\/uploads\/2019\/03\/atlantic-group-castelnovo-sotto.png\",\"width\":350,\"height\":66,\"caption\":\"Schlauchschellen | Atlantic Group\"},\"image\":{\"@id\":\"https:\/\/clamps.atlanticgroup.it\/#\/schema\/logo\/image\/\"},\"sameAs\":[\"https:\/\/www.facebook.com\/AtlanticManSrl\",\"https:\/\/www.linkedin.com\/company\/atlantic-man-s.r.l.\/\"]}]}<\/script>\n<!-- \/ Yoast SEO plugin. -->","yoast_head_json":{"title":"Unternehmensprofil - Schlauchschellen | Atlantic Group","robots":{"index":"index","follow":"follow","max-snippet":"max-snippet:-1","max-image-preview":"max-image-preview:large","max-video-preview":"max-video-preview:-1"},"canonical":"https:\/\/clamps.atlanticgroup.it\/de\/unternehmensprofil\/","og_locale":"de_DE","og_type":"article","og_title":"Unternehmensprofil - Schlauchschellen | Atlantic Group","og_description":"[vc_row full_width=&#8220;stretch_row&#8220; css=&#8220;.vc_custom_1757675716855{padding-top: 35px !important;background-image: url(https:\/\/clamps.atlanticgroup.it\/wp-content\/uploads\/2025\/09\/40-anni-collari-bg-3.webp?id=1902) !important;background-position: center !important;background-repeat: no-repeat !important;background-size: cover !important;}&#8220;][vc_column][vc_custom_heading text=&#8220;40 Jahre Produktion an Ihrer Seite&#8220; font_container=&#8220;tag:h2|text_align:center|color:%23143662&#8243; use_theme_fonts=&#8220;yes&#8220; css_animation=&#8220;fadeInDown&#8220; css=&#8220;&#8220;][vc_single_image image=&#8220;2045&#8243; img_size=&#8220;full&#8220; alignment=&#8220;center&#8220; [\u2026]","og_url":"https:\/\/clamps.atlanticgroup.it\/de\/unternehmensprofil\/","og_site_name":"Schlauchschellen | Atlantic Group","article_publisher":"https:\/\/www.facebook.com\/AtlanticManSrl","article_modified_time":"2025-09-18T09:42:55+00:00","twitter_card":"summary_large_image","twitter_misc":{"Gesch\u00e4tzte Lesezeit":"6\u00a0Minuten"},"schema":{"@context":"https:\/\/schema.org","@graph":[{"@type":"WebPage","@id":"https:\/\/clamps.atlanticgroup.it\/de\/unternehmensprofil\/","url":"https:\/\/clamps.atlanticgroup.it\/de\/unternehmensprofil\/","name":"Unternehmensprofil - Schlauchschellen | Atlantic Group","isPartOf":{"@id":"https:\/\/clamps.atlanticgroup.it\/#website"},"datePublished":"2025-09-15T13:51:55+00:00","dateModified":"2025-09-18T09:42:55+00:00","breadcrumb":{"@id":"https:\/\/clamps.atlanticgroup.it\/de\/unternehmensprofil\/#breadcrumb"},"inLanguage":"de","potentialAction":[{"@type":"ReadAction","target":["https:\/\/clamps.atlanticgroup.it\/de\/unternehmensprofil\/"]}]},{"@type":"BreadcrumbList","@id":"https:\/\/clamps.atlanticgroup.it\/de\/unternehmensprofil\/#breadcrumb","itemListElement":[{"@type":"ListItem","position":1,"name":"Home","item":"https:\/\/clamps.atlanticgroup.it\/de\/"},{"@type":"ListItem","position":2,"name":"Unternehmensprofil"}]},{"@type":"WebSite","@id":"https:\/\/clamps.atlanticgroup.it\/#website","url":"https:\/\/clamps.atlanticgroup.it\/","name":"Schlauchschellen | Atlantic Group","description":"","publisher":{"@id":"https:\/\/clamps.atlanticgroup.it\/#organization"},"potentialAction":[{"@type":"SearchAction","target":{"@type":"EntryPoint","urlTemplate":"https:\/\/clamps.atlanticgroup.it\/?s={search_term_string}"},"query-input":{"@type":"PropertyValueSpecification","valueRequired":true,"valueName":"search_term_string"}}],"inLanguage":"de"},{"@type":"Organization","@id":"https:\/\/clamps.atlanticgroup.it\/#organization","name":"Schlauchschellen | Atlantic Group","url":"https:\/\/clamps.atlanticgroup.it\/","logo":{"@type":"ImageObject","inLanguage":"de","@id":"https:\/\/clamps.atlanticgroup.it\/#\/schema\/logo\/image\/","url":"https:\/\/clamps.atlanticgroup.it\/wp-content\/uploads\/2019\/03\/atlantic-group-castelnovo-sotto.png","contentUrl":"https:\/\/clamps.atlanticgroup.it\/wp-content\/uploads\/2019\/03\/atlantic-group-castelnovo-sotto.png","width":350,"height":66,"caption":"Schlauchschellen | Atlantic Group"},"image":{"@id":"https:\/\/clamps.atlanticgroup.it\/#\/schema\/logo\/image\/"},"sameAs":["https:\/\/www.facebook.com\/AtlanticManSrl","https:\/\/www.linkedin.com\/company\/atlantic-man-s.r.l.\/"]}]}},"_links":{"self":[{"href":"https:\/\/clamps.atlanticgroup.it\/de\/wp-json\/wp\/v2\/pages\/2038","targetHints":{"allow":["GET"]}}],"collection":[{"href":"https:\/\/clamps.atlanticgroup.it\/de\/wp-json\/wp\/v2\/pages"}],"about":[{"href":"https:\/\/clamps.atlanticgroup.it\/de\/wp-json\/wp\/v2\/types\/page"}],"author":[{"embeddable":true,"href":"https:\/\/clamps.atlanticgroup.it\/de\/wp-json\/wp\/v2\/users\/1"}],"replies":[{"embeddable":true,"href":"https:\/\/clamps.atlanticgroup.it\/de\/wp-json\/wp\/v2\/comments?post=2038"}],"version-history":[{"count":6,"href":"https:\/\/clamps.atlanticgroup.it\/de\/wp-json\/wp\/v2\/pages\/2038\/revisions"}],"predecessor-version":[{"id":2207,"href":"https:\/\/clamps.atlanticgroup.it\/de\/wp-json\/wp\/v2\/pages\/2038\/revisions\/2207"}],"wp:attachment":[{"href":"https:\/\/clamps.atlanticgroup.it\/de\/wp-json\/wp\/v2\/media?parent=2038"}],"curies":[{"name":"wp","href":"https:\/\/api.w.org\/{rel}","templated":true}]}}