{"id":2073,"date":"2025-09-15T15:54:19","date_gmt":"2025-09-15T13:54:19","guid":{"rendered":"https:\/\/clamps.atlanticgroup.it\/fascette-e-collari-stringitubo\/"},"modified":"2025-09-19T12:09:14","modified_gmt":"2025-09-19T10:09:14","slug":"schlauchschellen-und-rohrschellen","status":"publish","type":"page","link":"https:\/\/clamps.atlanticgroup.it\/de\/schlauchschellen-und-rohrschellen\/","title":{"rendered":"Schlauchschellen und Rohrschellen"},"content":{"rendered":"<div class=\"wpb-content-wrapper\"><p>[vc_row][vc_column][vc_column_text css=&#8220;&#8220;]<\/p>\n<p class=\"p1\">Seit \u00fcber 40 Jahren widmet sich <b>Atlantic Man.<\/b> der Entwicklung und Produktion von Spannl\u00f6sungen f\u00fcr den professionellen Einsatz \u2013 insbesondere <b>Bolzenschellen aus Edelstahl<\/b>, die f\u00fcr besonders anspruchsvolle Anwendungen und hohe Betriebsdr\u00fccke konzipiert sind, sowie <b>Drahtschellen<\/b>, die ideal zum Spannen von weichen oder spiralf\u00f6rmigen Schl\u00e4uchen geeignet sind,<br \/>\nsowie <b>Schneckengetriebe-Schellen<\/b>, die eine zuverl\u00e4ssige Leistung bei mittleren Betriebsdr\u00fccken gew\u00e4hrleisten.<\/p>\n<p class=\"p1\">Die von <b>Atlantic Man.<\/b> hergestellten Schlauchschellen werden unter Einhaltung s\u00e4mtlicher Verarbeitungs- und Materialstandards gem\u00e4\u00df der <b>RoHS-Richtlinie (2002\/95\/EG vom 1. Juli 2006)<\/b> produziert. Es handelt sich um funktional gestaltete Produkte, die sich durch ihre hohe Zuverl\u00e4ssigkeit auszeichnen \u2013 dank der Verwendung hochwertiger Materialien, die hervorragende Leistungen in verschiedenen Anwendungsbereichen garantieren und den Anforderungen der Landwirtschaft, Schifffahrt, Automobilindustrie, Industrie, Lebensmittelbranche und des Heimwerkersektors effektiv entsprechen.<\/p>\n<p class=\"p1\">Die in all den Jahren konstanter Marktpr\u00e4senz gesammelte Erfahrung erm\u00f6glicht es <b>Atlantic Man.<\/b>, nicht nur qualitativ hochwertige Produkte herzustellen, sondern auch flexibel auf s\u00e4mtliche Kundenanforderungen einzugehen \u2013 sei es durch die Entwicklung von Produkten nach spezifischer Zeichnung oder durch individuell angepasste Verpackungsl\u00f6sungen.<\/p>\n<p class=\"p1\">Dar\u00fcber hinaus ist <b>Atlantic Man.<\/b> heute das einzige Unternehmen, das die hohe Qualit\u00e4t einer Edelstahlschelle mit der Preiswettbewerbsf\u00e4higkeit eines Produkts aus verzinktem Stahl verbinden kann \u2013 und damit die Leistung und Langlebigkeit von Edelstahl selbst bei kostenbewussten Anwendungen sicherstellt.<\/p>\n<p>[\/vc_column_text][\/vc_column][\/vc_row]<\/p>\n<\/div>","protected":false},"excerpt":{"rendered":"<p>[vc_row][vc_column][vc_column_text css=&#8220;&#8220;] Seit \u00fcber 40 Jahren widmet sich Atlantic Man. der Entwicklung und Produktion von Spannl\u00f6sungen f\u00fcr den professionellen Einsatz \u2013 insbesondere Bolzenschellen aus Edelstahl, die<span class=\"excerpt-hellip\"> [\u2026]<\/span><\/p>\n","protected":false},"author":1,"featured_media":-1,"parent":0,"menu_order":0,"comment_status":"closed","ping_status":"closed","template":"template-portfolio.php","meta":{"footnotes":""},"class_list":["post-2073","page","type-page","status-publish","has-post-thumbnail","hentry"],"yoast_head":"<!-- This site is optimized with the Yoast SEO plugin v27.0 - https:\/\/yoast.com\/product\/yoast-seo-wordpress\/ -->\n<title>Schlauchschellen und Rohrschellen - Atlantic Group Italia<\/title>\n<meta name=\"description\" content=\"Die Rohrschellen und Schlauchschellen werden nach den Standards der RoHS-Richtlinie hergestellt und sind daher von hoher Zuverl\u00e4ssigkeit.\" \/>\n<meta name=\"robots\" content=\"index, follow, max-snippet:-1, max-image-preview:large, max-video-preview:-1\" \/>\n<link rel=\"canonical\" href=\"https:\/\/clamps.atlanticgroup.it\/de\/schlauchschellen-und-rohrschellen\/\" \/>\n<meta property=\"og:locale\" content=\"de_DE\" \/>\n<meta property=\"og:type\" content=\"article\" \/>\n<meta property=\"og:title\" content=\"Schlauchschellen und Rohrschellen - Atlantic Group Italia\" \/>\n<meta property=\"og:description\" content=\"Die Rohrschellen und Schlauchschellen werden nach den Standards der RoHS-Richtlinie hergestellt und sind daher von hoher Zuverl\u00e4ssigkeit.\" \/>\n<meta property=\"og:url\" content=\"https:\/\/clamps.atlanticgroup.it\/de\/schlauchschellen-und-rohrschellen\/\" \/>\n<meta property=\"og:site_name\" content=\"Schlauchschellen | Atlantic Group\" \/>\n<meta property=\"article:publisher\" content=\"https:\/\/www.facebook.com\/AtlanticManSrl\" \/>\n<meta property=\"article:modified_time\" content=\"2025-09-19T10:09:14+00:00\" \/>\n<meta name=\"twitter:card\" content=\"summary_large_image\" \/>\n<meta name=\"twitter:label1\" content=\"Gesch\u00e4tzte Lesezeit\" \/>\n\t<meta name=\"twitter:data1\" content=\"2\u00a0Minuten\" \/>\n<script type=\"application\/ld+json\" class=\"yoast-schema-graph\">{\"@context\":\"https:\/\/schema.org\",\"@graph\":[{\"@type\":\"WebPage\",\"@id\":\"https:\/\/clamps.atlanticgroup.it\/de\/schlauchschellen-und-rohrschellen\/\",\"url\":\"https:\/\/clamps.atlanticgroup.it\/de\/schlauchschellen-und-rohrschellen\/\",\"name\":\"Schlauchschellen und Rohrschellen - Atlantic Group Italia\",\"isPartOf\":{\"@id\":\"https:\/\/clamps.atlanticgroup.it\/#website\"},\"datePublished\":\"2025-09-15T13:54:19+00:00\",\"dateModified\":\"2025-09-19T10:09:14+00:00\",\"description\":\"Die Rohrschellen und Schlauchschellen werden nach den Standards der RoHS-Richtlinie hergestellt und sind daher von hoher Zuverl\u00e4ssigkeit.\",\"breadcrumb\":{\"@id\":\"https:\/\/clamps.atlanticgroup.it\/de\/schlauchschellen-und-rohrschellen\/#breadcrumb\"},\"inLanguage\":\"de\",\"potentialAction\":[{\"@type\":\"ReadAction\",\"target\":[\"https:\/\/clamps.atlanticgroup.it\/de\/schlauchschellen-und-rohrschellen\/\"]}]},{\"@type\":\"BreadcrumbList\",\"@id\":\"https:\/\/clamps.atlanticgroup.it\/de\/schlauchschellen-und-rohrschellen\/#breadcrumb\",\"itemListElement\":[{\"@type\":\"ListItem\",\"position\":1,\"name\":\"Home\",\"item\":\"https:\/\/clamps.atlanticgroup.it\/de\/\"},{\"@type\":\"ListItem\",\"position\":2,\"name\":\"Schlauchschellen und Rohrschellen\"}]},{\"@type\":\"WebSite\",\"@id\":\"https:\/\/clamps.atlanticgroup.it\/#website\",\"url\":\"https:\/\/clamps.atlanticgroup.it\/\",\"name\":\"Schlauchschellen | Atlantic Group\",\"description\":\"\",\"publisher\":{\"@id\":\"https:\/\/clamps.atlanticgroup.it\/#organization\"},\"potentialAction\":[{\"@type\":\"SearchAction\",\"target\":{\"@type\":\"EntryPoint\",\"urlTemplate\":\"https:\/\/clamps.atlanticgroup.it\/?s={search_term_string}\"},\"query-input\":{\"@type\":\"PropertyValueSpecification\",\"valueRequired\":true,\"valueName\":\"search_term_string\"}}],\"inLanguage\":\"de\"},{\"@type\":\"Organization\",\"@id\":\"https:\/\/clamps.atlanticgroup.it\/#organization\",\"name\":\"Schlauchschellen | Atlantic Group\",\"url\":\"https:\/\/clamps.atlanticgroup.it\/\",\"logo\":{\"@type\":\"ImageObject\",\"inLanguage\":\"de\",\"@id\":\"https:\/\/clamps.atlanticgroup.it\/#\/schema\/logo\/image\/\",\"url\":\"https:\/\/clamps.atlanticgroup.it\/wp-content\/uploads\/2019\/03\/atlantic-group-castelnovo-sotto.png\",\"contentUrl\":\"https:\/\/clamps.atlanticgroup.it\/wp-content\/uploads\/2019\/03\/atlantic-group-castelnovo-sotto.png\",\"width\":350,\"height\":66,\"caption\":\"Schlauchschellen | Atlantic Group\"},\"image\":{\"@id\":\"https:\/\/clamps.atlanticgroup.it\/#\/schema\/logo\/image\/\"},\"sameAs\":[\"https:\/\/www.facebook.com\/AtlanticManSrl\",\"https:\/\/www.linkedin.com\/company\/atlantic-man-s.r.l.\/\"]}]}<\/script>\n<!-- \/ Yoast SEO plugin. -->","yoast_head_json":{"title":"Schlauchschellen und Rohrschellen - Atlantic Group Italia","description":"Die Rohrschellen und Schlauchschellen werden nach den Standards der RoHS-Richtlinie hergestellt und sind daher von hoher Zuverl\u00e4ssigkeit.","robots":{"index":"index","follow":"follow","max-snippet":"max-snippet:-1","max-image-preview":"max-image-preview:large","max-video-preview":"max-video-preview:-1"},"canonical":"https:\/\/clamps.atlanticgroup.it\/de\/schlauchschellen-und-rohrschellen\/","og_locale":"de_DE","og_type":"article","og_title":"Schlauchschellen und Rohrschellen - Atlantic Group Italia","og_description":"Die Rohrschellen und Schlauchschellen werden nach den Standards der RoHS-Richtlinie hergestellt und sind daher von hoher Zuverl\u00e4ssigkeit.","og_url":"https:\/\/clamps.atlanticgroup.it\/de\/schlauchschellen-und-rohrschellen\/","og_site_name":"Schlauchschellen | Atlantic Group","article_publisher":"https:\/\/www.facebook.com\/AtlanticManSrl","article_modified_time":"2025-09-19T10:09:14+00:00","twitter_card":"summary_large_image","twitter_misc":{"Gesch\u00e4tzte Lesezeit":"2\u00a0Minuten"},"schema":{"@context":"https:\/\/schema.org","@graph":[{"@type":"WebPage","@id":"https:\/\/clamps.atlanticgroup.it\/de\/schlauchschellen-und-rohrschellen\/","url":"https:\/\/clamps.atlanticgroup.it\/de\/schlauchschellen-und-rohrschellen\/","name":"Schlauchschellen und Rohrschellen - Atlantic Group Italia","isPartOf":{"@id":"https:\/\/clamps.atlanticgroup.it\/#website"},"datePublished":"2025-09-15T13:54:19+00:00","dateModified":"2025-09-19T10:09:14+00:00","description":"Die Rohrschellen und Schlauchschellen werden nach den Standards der RoHS-Richtlinie hergestellt und sind daher von hoher Zuverl\u00e4ssigkeit.","breadcrumb":{"@id":"https:\/\/clamps.atlanticgroup.it\/de\/schlauchschellen-und-rohrschellen\/#breadcrumb"},"inLanguage":"de","potentialAction":[{"@type":"ReadAction","target":["https:\/\/clamps.atlanticgroup.it\/de\/schlauchschellen-und-rohrschellen\/"]}]},{"@type":"BreadcrumbList","@id":"https:\/\/clamps.atlanticgroup.it\/de\/schlauchschellen-und-rohrschellen\/#breadcrumb","itemListElement":[{"@type":"ListItem","position":1,"name":"Home","item":"https:\/\/clamps.atlanticgroup.it\/de\/"},{"@type":"ListItem","position":2,"name":"Schlauchschellen und Rohrschellen"}]},{"@type":"WebSite","@id":"https:\/\/clamps.atlanticgroup.it\/#website","url":"https:\/\/clamps.atlanticgroup.it\/","name":"Schlauchschellen | Atlantic Group","description":"","publisher":{"@id":"https:\/\/clamps.atlanticgroup.it\/#organization"},"potentialAction":[{"@type":"SearchAction","target":{"@type":"EntryPoint","urlTemplate":"https:\/\/clamps.atlanticgroup.it\/?s={search_term_string}"},"query-input":{"@type":"PropertyValueSpecification","valueRequired":true,"valueName":"search_term_string"}}],"inLanguage":"de"},{"@type":"Organization","@id":"https:\/\/clamps.atlanticgroup.it\/#organization","name":"Schlauchschellen | Atlantic Group","url":"https:\/\/clamps.atlanticgroup.it\/","logo":{"@type":"ImageObject","inLanguage":"de","@id":"https:\/\/clamps.atlanticgroup.it\/#\/schema\/logo\/image\/","url":"https:\/\/clamps.atlanticgroup.it\/wp-content\/uploads\/2019\/03\/atlantic-group-castelnovo-sotto.png","contentUrl":"https:\/\/clamps.atlanticgroup.it\/wp-content\/uploads\/2019\/03\/atlantic-group-castelnovo-sotto.png","width":350,"height":66,"caption":"Schlauchschellen | Atlantic Group"},"image":{"@id":"https:\/\/clamps.atlanticgroup.it\/#\/schema\/logo\/image\/"},"sameAs":["https:\/\/www.facebook.com\/AtlanticManSrl","https:\/\/www.linkedin.com\/company\/atlantic-man-s.r.l.\/"]}]}},"_links":{"self":[{"href":"https:\/\/clamps.atlanticgroup.it\/de\/wp-json\/wp\/v2\/pages\/2073","targetHints":{"allow":["GET"]}}],"collection":[{"href":"https:\/\/clamps.atlanticgroup.it\/de\/wp-json\/wp\/v2\/pages"}],"about":[{"href":"https:\/\/clamps.atlanticgroup.it\/de\/wp-json\/wp\/v2\/types\/page"}],"author":[{"embeddable":true,"href":"https:\/\/clamps.atlanticgroup.it\/de\/wp-json\/wp\/v2\/users\/1"}],"replies":[{"embeddable":true,"href":"https:\/\/clamps.atlanticgroup.it\/de\/wp-json\/wp\/v2\/comments?post=2073"}],"version-history":[{"count":4,"href":"https:\/\/clamps.atlanticgroup.it\/de\/wp-json\/wp\/v2\/pages\/2073\/revisions"}],"predecessor-version":[{"id":2219,"href":"https:\/\/clamps.atlanticgroup.it\/de\/wp-json\/wp\/v2\/pages\/2073\/revisions\/2219"}],"wp:featuredmedia":[{"embeddable":true,"href":"https:\/\/clamps.atlanticgroup.it\/de\/wp-json\/"}],"wp:attachment":[{"href":"https:\/\/clamps.atlanticgroup.it\/de\/wp-json\/wp\/v2\/media?parent=2073"}],"curies":[{"name":"wp","href":"https:\/\/api.w.org\/{rel}","templated":true}]}}