{"id":734,"date":"2019-03-12T17:28:35","date_gmt":"2019-03-12T16:28:35","guid":{"rendered":"https:\/\/clamps.atlanticgroup.it\/fascette-e-collari-stringitubo\/"},"modified":"2023-07-25T12:25:31","modified_gmt":"2023-07-25T10:25:31","slug":"abrazaderas-para-tubos","status":"publish","type":"page","link":"https:\/\/clamps.atlanticgroup.it\/es\/abrazaderas-para-tubos\/","title":{"rendered":"Abrazaderas para tubos"},"content":{"rendered":"<div class=\"wpb-content-wrapper\"><p>[vc_row][vc_column][vc_column_text]<\/p>\n<p class=\"p1\">Desde hace m\u00e1s de 40 a\u00f1os, <b>Atlantic Man.<\/b> se dedica al desarrollo y a la producci\u00f3n de <b>soluciones de fijaci\u00f3n<\/b> para usos profesionales, m\u00e1s precisamente <b>abrazaderas para tubos de tornillo<\/b> en acero inoxidable estudiadas para aplicaciones particularmente gravosas y situaciones de trabajo con alta presi\u00f3n, <b>abrazaderas de alambre<\/b> ideales para la fijaci\u00f3n de mangueras blandas o espirales y <b>abrazaderas de rosca<\/b> para garantizar prestaciones adecuadas para el trabajo con presi\u00f3n media. Las <b>diferentes tipolog\u00edas<\/b> de <b>abrazaderas<\/b> de <b>Atlantic Man.<\/b> son realizadas cumpliendo con todos los est\u00e1ndares de trabajo y selecci\u00f3n de los materiales dictados por la directiva RUSP (normativa 2002\/95\/CE del 1 julio de 2006): se trata, entonces, de productos con un dise\u00f1o funcional caracterizados por su elevada confiabilidad, gracias al uso de materiales de alta calidad que garantizan prestaciones excelentes en muchos sectores de aplicaci\u00f3n, cumpliendo de manera eficaz con las necesidades de los sectores agr\u00edcola, naval, de automoci\u00f3n, industrial, alimenticio y de bricolaje.<\/p>\n<p class=\"p1\">La experiencia acumulada a lo largo del tiempo por <b>Atlantic Man.<\/b> permite no solo la realizaci\u00f3n de productos de calidad superior, sino llegar tambi\u00e9n a satisfacer r\u00e1pidamente todas las exigencias del cliente, desarrollando productos con dise\u00f1o especifico o personalizando el embalaje.<\/p>\n<p class=\"p1\">Adem\u00e1s, <b>Atlantic Man.<\/b> es hoy en d\u00eda la \u00fanica empresa que consigue conjugar la alta calidad de las <b>abrazaderas en acero inoxidable<\/b> con la misma competitividad de precio de un producto realizado en hierro galvanizado. Esto permite garantizar las prestaciones y la duraci\u00f3n en el tiempo del acero inoxidable tambi\u00e9n para las aplicaciones m\u00e1s econ\u00f3micas.<\/p>\n<p>[\/vc_column_text][\/vc_column][\/vc_row]<\/p>\n<\/div>","protected":false},"excerpt":{"rendered":"<p>[vc_row][vc_column][vc_column_text] Desde hace m\u00e1s de 40 a\u00f1os, Atlantic Man. se dedica al desarrollo y a la producci\u00f3n de soluciones de fijaci\u00f3n para usos profesionales, m\u00e1s precisamente<span class=\"excerpt-hellip\"> [\u2026]<\/span><\/p>\n","protected":false},"author":1,"featured_media":0,"parent":0,"menu_order":0,"comment_status":"closed","ping_status":"closed","template":"template-portfolio.php","meta":{"footnotes":""},"class_list":["post-734","page","type-page","status-publish","hentry"],"yoast_head":"<!-- This site is optimized with the Yoast SEO plugin v27.0 - https:\/\/yoast.com\/product\/yoast-seo-wordpress\/ -->\n<title>Abrazaderas para tubos - Abrazaderas | Atlantic Group<\/title>\n<meta name=\"description\" content=\"Atlantic Man. se dedica al desarrollo y la producci\u00f3n de soluciones de sujeci\u00f3n, especialmente abrazaderas de manguera atornilladas.\" \/>\n<meta name=\"robots\" content=\"index, follow, max-snippet:-1, max-image-preview:large, max-video-preview:-1\" \/>\n<link rel=\"canonical\" href=\"https:\/\/clamps.atlanticgroup.it\/es\/abrazaderas-para-tubos\/\" \/>\n<meta property=\"og:locale\" content=\"es_ES\" \/>\n<meta property=\"og:type\" content=\"article\" \/>\n<meta property=\"og:title\" content=\"Abrazaderas para tubos - Abrazaderas | Atlantic Group\" \/>\n<meta property=\"og:description\" content=\"Atlantic Man. se dedica al desarrollo y la producci\u00f3n de soluciones de sujeci\u00f3n, especialmente abrazaderas de manguera atornilladas.\" \/>\n<meta property=\"og:url\" content=\"https:\/\/clamps.atlanticgroup.it\/es\/abrazaderas-para-tubos\/\" \/>\n<meta property=\"og:site_name\" content=\"Abrazaderas | Atlantic Group\" \/>\n<meta property=\"article:publisher\" content=\"https:\/\/www.facebook.com\/AtlanticManSrl\" \/>\n<meta property=\"article:modified_time\" content=\"2023-07-25T10:25:31+00:00\" \/>\n<meta name=\"twitter:card\" content=\"summary_large_image\" \/>\n<meta name=\"twitter:label1\" content=\"Tiempo de lectura\" \/>\n\t<meta name=\"twitter:data1\" content=\"2 minutos\" \/>\n<script type=\"application\/ld+json\" class=\"yoast-schema-graph\">{\"@context\":\"https:\/\/schema.org\",\"@graph\":[{\"@type\":\"WebPage\",\"@id\":\"https:\/\/clamps.atlanticgroup.it\/es\/abrazaderas-para-tubos\/\",\"url\":\"https:\/\/clamps.atlanticgroup.it\/es\/abrazaderas-para-tubos\/\",\"name\":\"Abrazaderas para tubos - Abrazaderas | Atlantic Group\",\"isPartOf\":{\"@id\":\"https:\/\/clamps.atlanticgroup.it\/#website\"},\"datePublished\":\"2019-03-12T16:28:35+00:00\",\"dateModified\":\"2023-07-25T10:25:31+00:00\",\"description\":\"Atlantic Man. se dedica al desarrollo y la producci\u00f3n de soluciones de sujeci\u00f3n, especialmente abrazaderas de manguera atornilladas.\",\"breadcrumb\":{\"@id\":\"https:\/\/clamps.atlanticgroup.it\/es\/abrazaderas-para-tubos\/#breadcrumb\"},\"inLanguage\":\"es\",\"potentialAction\":[{\"@type\":\"ReadAction\",\"target\":[\"https:\/\/clamps.atlanticgroup.it\/es\/abrazaderas-para-tubos\/\"]}]},{\"@type\":\"BreadcrumbList\",\"@id\":\"https:\/\/clamps.atlanticgroup.it\/es\/abrazaderas-para-tubos\/#breadcrumb\",\"itemListElement\":[{\"@type\":\"ListItem\",\"position\":1,\"name\":\"Home\",\"item\":\"https:\/\/clamps.atlanticgroup.it\/es\/home\/\"},{\"@type\":\"ListItem\",\"position\":2,\"name\":\"Abrazaderas para tubos\"}]},{\"@type\":\"WebSite\",\"@id\":\"https:\/\/clamps.atlanticgroup.it\/#website\",\"url\":\"https:\/\/clamps.atlanticgroup.it\/\",\"name\":\"Abrazaderas | Atlantic Group\",\"description\":\"\",\"publisher\":{\"@id\":\"https:\/\/clamps.atlanticgroup.it\/#organization\"},\"potentialAction\":[{\"@type\":\"SearchAction\",\"target\":{\"@type\":\"EntryPoint\",\"urlTemplate\":\"https:\/\/clamps.atlanticgroup.it\/?s={search_term_string}\"},\"query-input\":{\"@type\":\"PropertyValueSpecification\",\"valueRequired\":true,\"valueName\":\"search_term_string\"}}],\"inLanguage\":\"es\"},{\"@type\":\"Organization\",\"@id\":\"https:\/\/clamps.atlanticgroup.it\/#organization\",\"name\":\"Abrazaderas | Atlantic Group\",\"url\":\"https:\/\/clamps.atlanticgroup.it\/\",\"logo\":{\"@type\":\"ImageObject\",\"inLanguage\":\"es\",\"@id\":\"https:\/\/clamps.atlanticgroup.it\/#\/schema\/logo\/image\/\",\"url\":\"https:\/\/clamps.atlanticgroup.it\/wp-content\/uploads\/2019\/03\/atlantic-group-castelnovo-sotto.png\",\"contentUrl\":\"https:\/\/clamps.atlanticgroup.it\/wp-content\/uploads\/2019\/03\/atlantic-group-castelnovo-sotto.png\",\"width\":350,\"height\":66,\"caption\":\"Abrazaderas | Atlantic Group\"},\"image\":{\"@id\":\"https:\/\/clamps.atlanticgroup.it\/#\/schema\/logo\/image\/\"},\"sameAs\":[\"https:\/\/www.facebook.com\/AtlanticManSrl\",\"https:\/\/www.linkedin.com\/company\/atlantic-man-s.r.l.\/\"]}]}<\/script>\n<!-- \/ Yoast SEO plugin. -->","yoast_head_json":{"title":"Abrazaderas para tubos - Abrazaderas | Atlantic Group","description":"Atlantic Man. se dedica al desarrollo y la producci\u00f3n de soluciones de sujeci\u00f3n, especialmente abrazaderas de manguera atornilladas.","robots":{"index":"index","follow":"follow","max-snippet":"max-snippet:-1","max-image-preview":"max-image-preview:large","max-video-preview":"max-video-preview:-1"},"canonical":"https:\/\/clamps.atlanticgroup.it\/es\/abrazaderas-para-tubos\/","og_locale":"es_ES","og_type":"article","og_title":"Abrazaderas para tubos - Abrazaderas | Atlantic Group","og_description":"Atlantic Man. se dedica al desarrollo y la producci\u00f3n de soluciones de sujeci\u00f3n, especialmente abrazaderas de manguera atornilladas.","og_url":"https:\/\/clamps.atlanticgroup.it\/es\/abrazaderas-para-tubos\/","og_site_name":"Abrazaderas | Atlantic Group","article_publisher":"https:\/\/www.facebook.com\/AtlanticManSrl","article_modified_time":"2023-07-25T10:25:31+00:00","twitter_card":"summary_large_image","twitter_misc":{"Tiempo de lectura":"2 minutos"},"schema":{"@context":"https:\/\/schema.org","@graph":[{"@type":"WebPage","@id":"https:\/\/clamps.atlanticgroup.it\/es\/abrazaderas-para-tubos\/","url":"https:\/\/clamps.atlanticgroup.it\/es\/abrazaderas-para-tubos\/","name":"Abrazaderas para tubos - Abrazaderas | Atlantic Group","isPartOf":{"@id":"https:\/\/clamps.atlanticgroup.it\/#website"},"datePublished":"2019-03-12T16:28:35+00:00","dateModified":"2023-07-25T10:25:31+00:00","description":"Atlantic Man. se dedica al desarrollo y la producci\u00f3n de soluciones de sujeci\u00f3n, especialmente abrazaderas de manguera atornilladas.","breadcrumb":{"@id":"https:\/\/clamps.atlanticgroup.it\/es\/abrazaderas-para-tubos\/#breadcrumb"},"inLanguage":"es","potentialAction":[{"@type":"ReadAction","target":["https:\/\/clamps.atlanticgroup.it\/es\/abrazaderas-para-tubos\/"]}]},{"@type":"BreadcrumbList","@id":"https:\/\/clamps.atlanticgroup.it\/es\/abrazaderas-para-tubos\/#breadcrumb","itemListElement":[{"@type":"ListItem","position":1,"name":"Home","item":"https:\/\/clamps.atlanticgroup.it\/es\/home\/"},{"@type":"ListItem","position":2,"name":"Abrazaderas para tubos"}]},{"@type":"WebSite","@id":"https:\/\/clamps.atlanticgroup.it\/#website","url":"https:\/\/clamps.atlanticgroup.it\/","name":"Abrazaderas | Atlantic Group","description":"","publisher":{"@id":"https:\/\/clamps.atlanticgroup.it\/#organization"},"potentialAction":[{"@type":"SearchAction","target":{"@type":"EntryPoint","urlTemplate":"https:\/\/clamps.atlanticgroup.it\/?s={search_term_string}"},"query-input":{"@type":"PropertyValueSpecification","valueRequired":true,"valueName":"search_term_string"}}],"inLanguage":"es"},{"@type":"Organization","@id":"https:\/\/clamps.atlanticgroup.it\/#organization","name":"Abrazaderas | Atlantic Group","url":"https:\/\/clamps.atlanticgroup.it\/","logo":{"@type":"ImageObject","inLanguage":"es","@id":"https:\/\/clamps.atlanticgroup.it\/#\/schema\/logo\/image\/","url":"https:\/\/clamps.atlanticgroup.it\/wp-content\/uploads\/2019\/03\/atlantic-group-castelnovo-sotto.png","contentUrl":"https:\/\/clamps.atlanticgroup.it\/wp-content\/uploads\/2019\/03\/atlantic-group-castelnovo-sotto.png","width":350,"height":66,"caption":"Abrazaderas | Atlantic Group"},"image":{"@id":"https:\/\/clamps.atlanticgroup.it\/#\/schema\/logo\/image\/"},"sameAs":["https:\/\/www.facebook.com\/AtlanticManSrl","https:\/\/www.linkedin.com\/company\/atlantic-man-s.r.l.\/"]}]}},"_links":{"self":[{"href":"https:\/\/clamps.atlanticgroup.it\/es\/wp-json\/wp\/v2\/pages\/734","targetHints":{"allow":["GET"]}}],"collection":[{"href":"https:\/\/clamps.atlanticgroup.it\/es\/wp-json\/wp\/v2\/pages"}],"about":[{"href":"https:\/\/clamps.atlanticgroup.it\/es\/wp-json\/wp\/v2\/types\/page"}],"author":[{"embeddable":true,"href":"https:\/\/clamps.atlanticgroup.it\/es\/wp-json\/wp\/v2\/users\/1"}],"replies":[{"embeddable":true,"href":"https:\/\/clamps.atlanticgroup.it\/es\/wp-json\/wp\/v2\/comments?post=734"}],"version-history":[{"count":1,"href":"https:\/\/clamps.atlanticgroup.it\/es\/wp-json\/wp\/v2\/pages\/734\/revisions"}],"predecessor-version":[{"id":735,"href":"https:\/\/clamps.atlanticgroup.it\/es\/wp-json\/wp\/v2\/pages\/734\/revisions\/735"}],"wp:attachment":[{"href":"https:\/\/clamps.atlanticgroup.it\/es\/wp-json\/wp\/v2\/media?parent=734"}],"curies":[{"name":"wp","href":"https:\/\/api.w.org\/{rel}","templated":true}]}}