{"id":758,"date":"2023-07-25T12:24:31","date_gmt":"2023-07-25T10:24:31","guid":{"rendered":"https:\/\/clamps.atlanticgroup.it\/sobre-nosotros\/"},"modified":"2025-09-18T11:20:29","modified_gmt":"2025-09-18T09:20:29","slug":"sobre-nosotros","status":"publish","type":"page","link":"https:\/\/clamps.atlanticgroup.it\/es\/sobre-nosotros\/","title":{"rendered":"Sobre Nosotros"},"content":{"rendered":"<div class=\"wpb-content-wrapper\"><p>[vc_row full_width=\u00bbstretch_row\u00bb css=\u00bb.vc_custom_1757675716855{padding-top: 35px !important;background-image: url(https:\/\/clamps.atlanticgroup.it\/wp-content\/uploads\/2025\/09\/40-anni-collari-bg-3.webp?id=1902) !important;background-position: center !important;background-repeat: no-repeat !important;background-size: cover !important;}\u00bb][vc_column][vc_custom_heading text=\u00bb<b>40 a\u00f1os<\/b> de producci\u00f3n a tu lado\u00bb font_container=\u00bbtag:h2|text_align:center|color:%23143662&#8243; use_theme_fonts=\u00bbyes\u00bb css_animation=\u00bbfadeInDown\u00bb css=\u00bb\u00bb][vc_single_image image=\u00bb1863&#8243; img_size=\u00bbfull\u00bb alignment=\u00bbcenter\u00bb css=\u00bb.vc_custom_1757675029144{margin-bottom: 0px !important;}\u00bb][\/vc_column][\/vc_row][vc_row full_width=\u00bbstretch_row_content\u00bb equal_height=\u00bbyes\u00bb content_placement=\u00bbmiddle\u00bb][vc_column width=\u00bb1\/2&#8243;][vc_single_image image=\u00bb1927&#8243; img_size=\u00bbfull\u00bb css=\u00bb\u00bb][\/vc_column][vc_column width=\u00bb1\/2&#8243;][vc_custom_heading text=\u00bbSobre nosotros\u00bb use_theme_fonts=\u00bbyes\u00bb css_animation=\u00bbfadeInDown\u00bb css=\u00bb.vc_custom_1758108950067{margin-bottom: 25px !important;}\u00bb][vc_column_text css=\u00bb\u00bb]<\/p>\n<p>Con m\u00e1s de <b>40 a\u00f1os de experiencia en la producci\u00f3n y comercializaci\u00f3n de abrazaderas de tornillo, bridas y soluciones de sujeci\u00f3n<\/b>, Atlantic Man. aspira a ser un socio de referencia para quienes buscan <b>productos fiables, resistentes y de alta calidad<\/b>. A la experiencia consolidada a lo largo del tiempo unimos una constante atenci\u00f3n a la innovaci\u00f3n, para ofrecer un <b>servicio preciso, puntual y competitivo<\/b>.<\/p>\n<p><\/p>\n<p>Nuestra <b>sede central en Castelnovo di Sotto (Reggio Emilia)<\/b> representa el coraz\u00f3n de la empresa: aqu\u00ed se concentran las funciones de control general, comercial y administrativo, adem\u00e1s de las actividades de <b>producci\u00f3n, desarrollo, dise\u00f1o e ingenier\u00eda<\/b>.<\/p>\n<p><\/p>\n<p class=\"p1\">Es en esta sede donde producimos los principales <b>productos de sujeci\u00f3n<\/b>, utilizando <b>m\u00e1quinas y equipos autom\u00e1ticos y fiables<\/b>.<\/p>\n<p><\/p>\n<p>Tambi\u00e9n dentro de la unidad central dise\u00f1amos, desarrollamos y realizamos <b>las l\u00edneas y las m\u00e1quinas para la automatizaci\u00f3n de invernaderos y viveros<\/b>.<\/p>\n<p><\/p>\n<p class=\"p1\">Las <b>unidades de producci\u00f3n externas<\/b> est\u00e1n en cambio dedicadas a la fabricaci\u00f3n de <b>tubos flexibles<\/b>.<\/p>\n<p>[\/vc_column_text][\/vc_column][\/vc_row][vc_row full_width=\u00bbstretch_row_content_no_spaces\u00bb css=\u00bb.vc_custom_1758108794576{margin-bottom: 0px !important;}\u00bb][vc_column][vc_row_inner css=\u00bb.vc_custom_1757671376185{margin-bottom: 15px !important;}\u00bb][vc_column_inner][vc_custom_heading text=\u00bbQu\u00e9 hacemos\u00bb font_container=\u00bbtag:h2|text_align:center\u00bb use_theme_fonts=\u00bbyes\u00bb css_animation=\u00bbfadeInDown\u00bb css=\u00bb\u00bb][\/vc_column_inner][\/vc_row_inner][vc_row_inner css=\u00bb.vc_custom_1758108855545{margin-bottom: 0px !important;}\u00bb][vc_column_inner width=\u00bb1\/3&#8243; css=\u00bb.vc_custom_1757665025909{padding: 15px !important;background-color: #F1F1F1 !important;}\u00bb]<div class=\"icon_box icon_position_top no_border\"><a class=\"\" href=\"https:\/\/clamps.atlanticgroup.it\/es\/abrazaderas-para-tubos\/\" target=\"_blank\"  title=\"\"><div class=\"image_wrapper\"><img loading=\"lazy\" decoding=\"async\" class=\"scale-with-grid\" src=\"https:\/\/clamps.atlanticgroup.it\/wp-content\/uploads\/2025\/05\/collare-stringitubo-a-bullone-in-acciaio-1.jpg\" alt=\"collare-stringitubo-a-bullone-in-acciaio-1\" width=\"1200\" height=\"1200\"\/><\/div><div class=\"desc_wrapper\"><h4 class=\"title \"> Abrazaderas para tubos<\/h4><div class=\"desc\">Collares para aplicaciones pesadas profesionales y para la industria ligera y la jardiner\u00eda.<\/div><\/div><\/a><\/div>\n[\/vc_column_inner][vc_column_inner width=\u00bb1\/3&#8243; css=\u00bb.vc_custom_1757665057982{padding: 15px !important;background-color: #F1F1F1 !important;}\u00bb]<div class=\"icon_box icon_position_top no_border\"><a class=\"\" href=\"https:\/\/tech.atlanticgroup.it\/es\/productos\/\" target=\"_blank\"  title=\"\"><div class=\"image_wrapper\"><img loading=\"lazy\" decoding=\"async\" class=\"scale-with-grid\" src=\"https:\/\/clamps.atlanticgroup.it\/wp-content\/uploads\/2025\/09\/macchinari-serre-vivai-copia.webp\" alt=\"macchinari-serre-vivai copia\" width=\"1200\" height=\"1200\"\/><\/div><div class=\"desc_wrapper\"><h4 class=\"title \">Maquinaria para invernaderos y viveros<\/h4><div class=\"desc\">Automatizaciones de todo tipo en el sector de la horticultura y floricultura, invernaderos para el cultivo y la producci\u00f3n.<\/div><\/div><\/a><\/div>\n[\/vc_column_inner][vc_column_inner width=\u00bb1\/3&#8243; css=\u00bb.vc_custom_1757665075305{padding: 15px !important;background-color: #F1F1F1 !important;}\u00bb]<div class=\"icon_box icon_position_top no_border\"><div class=\"image_wrapper\"><img loading=\"lazy\" decoding=\"async\" class=\"scale-with-grid\" src=\"https:\/\/clamps.atlanticgroup.it\/wp-content\/uploads\/2025\/09\/atlantic-tubi-1.jpg\" alt=\"atlantic-tubi\" width=\"600\" height=\"600\"\/><\/div><div class=\"desc_wrapper\"><h4 class=\"title \">Tubos flexibles de PVC<\/h4><div class=\"desc\">Tubos de impulsi\u00f3n y de aspiraci\u00f3n, para la gran distribuci\u00f3n, la agricultura y la industria.<\/div><\/div><\/div>\n[\/vc_column_inner][\/vc_row_inner][\/vc_column][\/vc_row][vc_row full_width=\u00bbstretch_row\u00bb css=\u00bb.vc_custom_1758106854164{padding-top: 50px !important;padding-bottom: 50px !important;background-image: url(https:\/\/clamps.atlanticgroup.it\/wp-content\/uploads\/2025\/09\/atlantic-man-rd-2.webp?id=2170) !important;background-position: center !important;background-repeat: no-repeat !important;background-size: cover !important;}\u00bb][vc_column][vc_row_inner equal_height=\u00bbyes\u00bb content_placement=\u00bbmiddle\u00bb][vc_column_inner width=\u00bb1\/2&#8243;][\/vc_column_inner][vc_column_inner width=\u00bb1\/2&#8243;][vc_custom_heading text=\u00bbInvestigaci\u00f3n y Desarrollo\u00bb font_container=\u00bbtag:h2|text_align:left|color:%23FEEF09&#8243; use_theme_fonts=\u00bbyes\u00bb css_animation=\u00bbfadeInDown\u00bb css=\u00bb.vc_custom_1758107140279{margin-bottom: 25px !important;}\u00bb][vc_column_text css=\u00bb\u00bb el_class=\u00bbwp-block-cover-text glass-effect\u00bb]Para Atlantic Man. <b>Investigaci\u00f3n y Desarrollo<\/b> ha sido siempre un pilar fundamental para su crecimiento empresarial. Invertimos continuamente en innovaci\u00f3n para garantizar <b>calidad<\/b>, <b>fiabilidad<\/b> y <b>competitividad<\/b> en todas nuestras producciones.<br \/>[\/vc_column_text][vc_column_text css=\u00bb\u00bb el_class=\u00bbwp-block-cover-text glass-effect\u00bb]Los numerosos <b>patentes internacionales<\/b> obtenidos a lo largo de los a\u00f1os son la prueba concreta de nuestro compromiso en crear soluciones avanzadas y acordes con los tiempos.<br \/>[\/vc_column_text][vc_column_text css=\u00bb\u00bb el_class=\u00bbwp-block-cover-text glass-effect\u00bb]Siempre atentos a los cambios que han transformado la industria y la econom\u00eda global, hemos decidido mantener la <b>producci\u00f3n en Italia<\/b> como un valor a\u00f1adido para asegurar a nuestros clientes una cadena de suministro controlada directamente, con la <b>calidad y el estilo Made in Italy<\/b>, conforme a los est\u00e1ndares europeos con <b>marca CE<\/b>.<br \/>[\/vc_column_text][\/vc_column_inner][\/vc_row_inner][\/vc_column][\/vc_row][vc_row full_width=\u00bbstretch_row\u00bb css=\u00bb.vc_custom_1757674798606{background-color: #252832 !important;}\u00bb][vc_column][vc_row_inner equal_height=\u00bbyes\u00bb content_placement=\u00bbtop\u00bb][vc_column_inner width=\u00bb1\/3&#8243;][vc_custom_heading text=\u00bbExportamos hacia todos los Continentes, y en algunos estamos presentes con sedes directas o empresas conjuntas.\u00bb font_container=\u00bbtag:h3|text_align:left|color:%23ffffff\u00bb google_fonts=\u00bbfont_family:Lato%3A100%2C100italic%2C300%2C300italic%2Cregular%2Citalic%2C700%2C700italic%2C900%2C900italic|font_style:300%20light%20regular%3A300%3Anormal\u00bb css_animation=\u00bbfadeIn\u00bb css=\u00bb.vc_custom_1757603458953{margin-top: 45px !important;}\u00bb][\/vc_column_inner][vc_column_inner width=\u00bb2\/3&#8243;][vc_single_image image=\u00bb1846&#8243; img_size=\u00bbfull\u00bb alignment=\u00bbcenter\u00bb css=\u00bb\u00bb][\/vc_column_inner][\/vc_row_inner][vc_row_inner][vc_column_inner width=\u00bb1\/4&#8243;]<div class=\"quick_fact align_center animate-math\"><div class=\"number-wrapper\"><span class=\"number\" data-to=\"40\">40<\/span><span class=\"label postfix\">+<\/span><\/div><h3 class=\"title title_tag \">A\u00d1OS<\/h3><hr class=\"hr_narrow\" \/><div class=\"desc\">De experiencia en el sector<\/div><\/div>\n[\/vc_column_inner][vc_column_inner width=\u00bb1\/4&#8243;]<div class=\"quick_fact align_center animate-math\"><div class=\"number-wrapper\"><span class=\"number\" data-to=\"50\">50<\/span><\/div><h3 class=\"title title_tag \">POR CIENTO<\/h3><hr class=\"hr_narrow\" \/><div class=\"desc\">De ingresos desde el extranjero<\/div><\/div>\n[\/vc_column_inner][vc_column_inner width=\u00bb1\/4&#8243;]<div class=\"quick_fact align_center animate-math\"><div class=\"number-wrapper\"><span class=\"number\" data-to=\"68\">68<\/span><\/div><h3 class=\"title title_tag \">PA\u00cdSES<\/h3><hr class=\"hr_narrow\" \/><div class=\"desc\">Hacia los que exportamos<\/div><\/div>\n[\/vc_column_inner][vc_column_inner width=\u00bb1\/4&#8243;]<div class=\"quick_fact align_center animate-math\"><div class=\"number-wrapper\"><span class=\"number\" data-to=\"3000\">3000<\/span><span class=\"label postfix\">+<\/span><\/div><h3 class=\"title title_tag \">CLIENTES<\/h3><hr class=\"hr_narrow\" \/><div class=\"desc\">En todo el mundo<\/div><\/div>\n[\/vc_column_inner][\/vc_row_inner][\/vc_column][\/vc_row][vc_row full_width=\u00bbstretch_row\u00bb css=\u00bb.vc_custom_1757604413790{background-color: #FFFFFF !important;}\u00bb][vc_column][vc_custom_heading text=\u00bbCertificaciones\u00bb font_container=\u00bbtag:h2|text_align:center\u00bb use_theme_fonts=\u00bbyes\u00bb css_animation=\u00bbfadeInDown\u00bb][vc_empty_space height=\u00bb20px\u00bb][vc_row_inner equal_height=\u00bbyes\u00bb content_placement=\u00bbtop\u00bb][vc_column_inner width=\u00bb1\/3&#8243;][vc_single_image image=\u00bb1370&#8243; img_size=\u00bb80&#215;80&#8243; alignment=\u00bbcenter\u00bb onclick=\u00bbcustom_link\u00bb img_link_target=\u00bb_blank\u00bb css=\u00bb.vc_custom_1757603905502{margin-bottom: 10px !important;padding-right: 20% !important;padding-left: 20% !important;}\u00bb link=\u00bbhttps:\/\/atlanticgroup.it\/wp-content\/uploads\/2024\/12\/ISO-9001-Atlantic-Man.pdf\u00bb][vc_custom_heading text=\u00bbUNI EN ISO 9001: 2015&#8243; font_container=\u00bbtag:h4|font_size:0.8em|text_align:center\u00bb use_theme_fonts=\u00bbyes\u00bb css=\u00bb\u00bb][\/vc_column_inner][vc_column_inner width=\u00bb1\/3&#8243;][vc_single_image image=\u00bb1133&#8243; img_size=\u00bb80&#215;80&#8243; alignment=\u00bbcenter\u00bb onclick=\u00bbcustom_link\u00bb img_link_target=\u00bb_blank\u00bb css=\u00bb.vc_custom_1757603912371{margin-bottom: 10px !important;padding-right: 20% !important;padding-left: 20% !important;}\u00bb link=\u00bbhttps:\/\/atlanticgroup.it\/wp-content\/uploads\/2024\/12\/ISO-14001-Atlantic-Man.pdf\u00bb][vc_custom_heading text=\u00bbUNI EN ISO 14001: 2015&#8243; font_container=\u00bbtag:h4|font_size:0.8em|text_align:center\u00bb use_theme_fonts=\u00bbyes\u00bb css=\u00bb\u00bb][\/vc_column_inner][vc_column_inner width=\u00bb1\/3&#8243;][vc_single_image image=\u00bb1854&#8243; img_size=\u00bb80&#215;80&#8243; alignment=\u00bbcenter\u00bb onclick=\u00bbcustom_link\u00bb css=\u00bb.vc_custom_1757604742953{margin-bottom: 10px !important;padding-right: 20% !important;padding-left: 20% !important;}\u00bb link=\u00bbhttp:\/\/#\u00bb][vc_custom_heading text=\u00bbUNI EN ISO 14001: 2015&#8243; font_container=\u00bbtag:h4|font_size:0.8em|text_align:center\u00bb use_theme_fonts=\u00bbyes\u00bb css=\u00bb\u00bb][\/vc_column_inner][\/vc_row_inner][\/vc_column][\/vc_row]<\/p>\n<\/div>","protected":false},"excerpt":{"rendered":"<p>[vc_row full_width=\u00bbstretch_row\u00bb css=\u00bb.vc_custom_1757675716855{padding-top: 35px !important;background-image: url(https:\/\/clamps.atlanticgroup.it\/wp-content\/uploads\/2025\/09\/40-anni-collari-bg-3.webp?id=1902) !important;background-position: center !important;background-repeat: no-repeat !important;background-size: cover !important;}\u00bb][vc_column][vc_custom_heading text=\u00bb40 a\u00f1os de producci\u00f3n a tu lado\u00bb font_container=\u00bbtag:h2|text_align:center|color:%23143662&#8243; use_theme_fonts=\u00bbyes\u00bb css_animation=\u00bbfadeInDown\u00bb css=\u00bb\u00bb][vc_single_image image=\u00bb1863&#8243; img_size=\u00bbfull\u00bb<span class=\"excerpt-hellip\"> [\u2026]<\/span><\/p>\n","protected":false},"author":1,"featured_media":-1,"parent":0,"menu_order":0,"comment_status":"closed","ping_status":"closed","template":"","meta":{"footnotes":""},"class_list":["post-758","page","type-page","status-publish","has-post-thumbnail","hentry"],"yoast_head":"<!-- This site is optimized with the Yoast SEO plugin v27.0 - https:\/\/yoast.com\/product\/yoast-seo-wordpress\/ -->\n<title>Sobre Nosotros - Abrazaderas | Atlantic Group<\/title>\n<meta name=\"robots\" content=\"index, follow, max-snippet:-1, max-image-preview:large, max-video-preview:-1\" \/>\n<link rel=\"canonical\" href=\"https:\/\/clamps.atlanticgroup.it\/es\/sobre-nosotros\/\" \/>\n<meta property=\"og:locale\" content=\"es_ES\" \/>\n<meta property=\"og:type\" content=\"article\" \/>\n<meta property=\"og:title\" content=\"Sobre Nosotros - Abrazaderas | Atlantic Group\" \/>\n<meta property=\"og:description\" content=\"[vc_row full_width=\u00bbstretch_row\u00bb css=\u00bb.vc_custom_1757675716855{padding-top: 35px !important;background-image: url(https:\/\/clamps.atlanticgroup.it\/wp-content\/uploads\/2025\/09\/40-anni-collari-bg-3.webp?id=1902) !important;background-position: center !important;background-repeat: no-repeat !important;background-size: cover !important;}\u00bb][vc_column][vc_custom_heading text=\u00bb40 a\u00f1os de producci\u00f3n a tu lado\u00bb font_container=\u00bbtag:h2|text_align:center|color:%23143662&#8243; use_theme_fonts=\u00bbyes\u00bb css_animation=\u00bbfadeInDown\u00bb css=\u00bb\u00bb][vc_single_image image=\u00bb1863&#8243; img_size=\u00bbfull\u00bb [\u2026]\" \/>\n<meta property=\"og:url\" content=\"https:\/\/clamps.atlanticgroup.it\/es\/sobre-nosotros\/\" \/>\n<meta property=\"og:site_name\" content=\"Abrazaderas | Atlantic Group\" \/>\n<meta property=\"article:publisher\" content=\"https:\/\/www.facebook.com\/AtlanticManSrl\" \/>\n<meta property=\"article:modified_time\" content=\"2025-09-18T09:20:29+00:00\" \/>\n<meta name=\"twitter:card\" content=\"summary_large_image\" \/>\n<meta name=\"twitter:label1\" content=\"Tiempo de lectura\" \/>\n\t<meta name=\"twitter:data1\" content=\"4 minutos\" \/>\n<script type=\"application\/ld+json\" class=\"yoast-schema-graph\">{\"@context\":\"https:\/\/schema.org\",\"@graph\":[{\"@type\":\"WebPage\",\"@id\":\"https:\/\/clamps.atlanticgroup.it\/es\/sobre-nosotros\/\",\"url\":\"https:\/\/clamps.atlanticgroup.it\/es\/sobre-nosotros\/\",\"name\":\"Sobre Nosotros - Abrazaderas | Atlantic Group\",\"isPartOf\":{\"@id\":\"https:\/\/clamps.atlanticgroup.it\/#website\"},\"datePublished\":\"2023-07-25T10:24:31+00:00\",\"dateModified\":\"2025-09-18T09:20:29+00:00\",\"breadcrumb\":{\"@id\":\"https:\/\/clamps.atlanticgroup.it\/es\/sobre-nosotros\/#breadcrumb\"},\"inLanguage\":\"es\",\"potentialAction\":[{\"@type\":\"ReadAction\",\"target\":[\"https:\/\/clamps.atlanticgroup.it\/es\/sobre-nosotros\/\"]}]},{\"@type\":\"BreadcrumbList\",\"@id\":\"https:\/\/clamps.atlanticgroup.it\/es\/sobre-nosotros\/#breadcrumb\",\"itemListElement\":[{\"@type\":\"ListItem\",\"position\":1,\"name\":\"Home\",\"item\":\"https:\/\/clamps.atlanticgroup.it\/es\/home\/\"},{\"@type\":\"ListItem\",\"position\":2,\"name\":\"Sobre Nosotros\"}]},{\"@type\":\"WebSite\",\"@id\":\"https:\/\/clamps.atlanticgroup.it\/#website\",\"url\":\"https:\/\/clamps.atlanticgroup.it\/\",\"name\":\"Abrazaderas | Atlantic Group\",\"description\":\"\",\"publisher\":{\"@id\":\"https:\/\/clamps.atlanticgroup.it\/#organization\"},\"potentialAction\":[{\"@type\":\"SearchAction\",\"target\":{\"@type\":\"EntryPoint\",\"urlTemplate\":\"https:\/\/clamps.atlanticgroup.it\/?s={search_term_string}\"},\"query-input\":{\"@type\":\"PropertyValueSpecification\",\"valueRequired\":true,\"valueName\":\"search_term_string\"}}],\"inLanguage\":\"es\"},{\"@type\":\"Organization\",\"@id\":\"https:\/\/clamps.atlanticgroup.it\/#organization\",\"name\":\"Abrazaderas | Atlantic Group\",\"url\":\"https:\/\/clamps.atlanticgroup.it\/\",\"logo\":{\"@type\":\"ImageObject\",\"inLanguage\":\"es\",\"@id\":\"https:\/\/clamps.atlanticgroup.it\/#\/schema\/logo\/image\/\",\"url\":\"https:\/\/clamps.atlanticgroup.it\/wp-content\/uploads\/2019\/03\/atlantic-group-castelnovo-sotto.png\",\"contentUrl\":\"https:\/\/clamps.atlanticgroup.it\/wp-content\/uploads\/2019\/03\/atlantic-group-castelnovo-sotto.png\",\"width\":350,\"height\":66,\"caption\":\"Abrazaderas | Atlantic Group\"},\"image\":{\"@id\":\"https:\/\/clamps.atlanticgroup.it\/#\/schema\/logo\/image\/\"},\"sameAs\":[\"https:\/\/www.facebook.com\/AtlanticManSrl\",\"https:\/\/www.linkedin.com\/company\/atlantic-man-s.r.l.\/\"]}]}<\/script>\n<!-- \/ Yoast SEO plugin. -->","yoast_head_json":{"title":"Sobre Nosotros - Abrazaderas | Atlantic Group","robots":{"index":"index","follow":"follow","max-snippet":"max-snippet:-1","max-image-preview":"max-image-preview:large","max-video-preview":"max-video-preview:-1"},"canonical":"https:\/\/clamps.atlanticgroup.it\/es\/sobre-nosotros\/","og_locale":"es_ES","og_type":"article","og_title":"Sobre Nosotros - Abrazaderas | Atlantic Group","og_description":"[vc_row full_width=\u00bbstretch_row\u00bb css=\u00bb.vc_custom_1757675716855{padding-top: 35px !important;background-image: url(https:\/\/clamps.atlanticgroup.it\/wp-content\/uploads\/2025\/09\/40-anni-collari-bg-3.webp?id=1902) !important;background-position: center !important;background-repeat: no-repeat !important;background-size: cover !important;}\u00bb][vc_column][vc_custom_heading text=\u00bb40 a\u00f1os de producci\u00f3n a tu lado\u00bb font_container=\u00bbtag:h2|text_align:center|color:%23143662&#8243; use_theme_fonts=\u00bbyes\u00bb css_animation=\u00bbfadeInDown\u00bb css=\u00bb\u00bb][vc_single_image image=\u00bb1863&#8243; img_size=\u00bbfull\u00bb [\u2026]","og_url":"https:\/\/clamps.atlanticgroup.it\/es\/sobre-nosotros\/","og_site_name":"Abrazaderas | Atlantic Group","article_publisher":"https:\/\/www.facebook.com\/AtlanticManSrl","article_modified_time":"2025-09-18T09:20:29+00:00","twitter_card":"summary_large_image","twitter_misc":{"Tiempo de lectura":"4 minutos"},"schema":{"@context":"https:\/\/schema.org","@graph":[{"@type":"WebPage","@id":"https:\/\/clamps.atlanticgroup.it\/es\/sobre-nosotros\/","url":"https:\/\/clamps.atlanticgroup.it\/es\/sobre-nosotros\/","name":"Sobre Nosotros - Abrazaderas | Atlantic Group","isPartOf":{"@id":"https:\/\/clamps.atlanticgroup.it\/#website"},"datePublished":"2023-07-25T10:24:31+00:00","dateModified":"2025-09-18T09:20:29+00:00","breadcrumb":{"@id":"https:\/\/clamps.atlanticgroup.it\/es\/sobre-nosotros\/#breadcrumb"},"inLanguage":"es","potentialAction":[{"@type":"ReadAction","target":["https:\/\/clamps.atlanticgroup.it\/es\/sobre-nosotros\/"]}]},{"@type":"BreadcrumbList","@id":"https:\/\/clamps.atlanticgroup.it\/es\/sobre-nosotros\/#breadcrumb","itemListElement":[{"@type":"ListItem","position":1,"name":"Home","item":"https:\/\/clamps.atlanticgroup.it\/es\/home\/"},{"@type":"ListItem","position":2,"name":"Sobre Nosotros"}]},{"@type":"WebSite","@id":"https:\/\/clamps.atlanticgroup.it\/#website","url":"https:\/\/clamps.atlanticgroup.it\/","name":"Abrazaderas | Atlantic Group","description":"","publisher":{"@id":"https:\/\/clamps.atlanticgroup.it\/#organization"},"potentialAction":[{"@type":"SearchAction","target":{"@type":"EntryPoint","urlTemplate":"https:\/\/clamps.atlanticgroup.it\/?s={search_term_string}"},"query-input":{"@type":"PropertyValueSpecification","valueRequired":true,"valueName":"search_term_string"}}],"inLanguage":"es"},{"@type":"Organization","@id":"https:\/\/clamps.atlanticgroup.it\/#organization","name":"Abrazaderas | Atlantic Group","url":"https:\/\/clamps.atlanticgroup.it\/","logo":{"@type":"ImageObject","inLanguage":"es","@id":"https:\/\/clamps.atlanticgroup.it\/#\/schema\/logo\/image\/","url":"https:\/\/clamps.atlanticgroup.it\/wp-content\/uploads\/2019\/03\/atlantic-group-castelnovo-sotto.png","contentUrl":"https:\/\/clamps.atlanticgroup.it\/wp-content\/uploads\/2019\/03\/atlantic-group-castelnovo-sotto.png","width":350,"height":66,"caption":"Abrazaderas | Atlantic Group"},"image":{"@id":"https:\/\/clamps.atlanticgroup.it\/#\/schema\/logo\/image\/"},"sameAs":["https:\/\/www.facebook.com\/AtlanticManSrl","https:\/\/www.linkedin.com\/company\/atlantic-man-s.r.l.\/"]}]}},"_links":{"self":[{"href":"https:\/\/clamps.atlanticgroup.it\/es\/wp-json\/wp\/v2\/pages\/758","targetHints":{"allow":["GET"]}}],"collection":[{"href":"https:\/\/clamps.atlanticgroup.it\/es\/wp-json\/wp\/v2\/pages"}],"about":[{"href":"https:\/\/clamps.atlanticgroup.it\/es\/wp-json\/wp\/v2\/types\/page"}],"author":[{"embeddable":true,"href":"https:\/\/clamps.atlanticgroup.it\/es\/wp-json\/wp\/v2\/users\/1"}],"replies":[{"embeddable":true,"href":"https:\/\/clamps.atlanticgroup.it\/es\/wp-json\/wp\/v2\/comments?post=758"}],"version-history":[{"count":4,"href":"https:\/\/clamps.atlanticgroup.it\/es\/wp-json\/wp\/v2\/pages\/758\/revisions"}],"predecessor-version":[{"id":2204,"href":"https:\/\/clamps.atlanticgroup.it\/es\/wp-json\/wp\/v2\/pages\/758\/revisions\/2204"}],"wp:featuredmedia":[{"embeddable":true,"href":"https:\/\/clamps.atlanticgroup.it\/es\/wp-json\/"}],"wp:attachment":[{"href":"https:\/\/clamps.atlanticgroup.it\/es\/wp-json\/wp\/v2\/media?parent=758"}],"curies":[{"name":"wp","href":"https:\/\/api.w.org\/{rel}","templated":true}]}}