{"id":393,"date":"2019-03-12T17:28:35","date_gmt":"2019-03-12T16:28:35","guid":{"rendered":"http:\/\/clamps.atlanticgroup.it\/collari-e-fascette\/"},"modified":"2023-05-26T10:08:22","modified_gmt":"2023-05-26T08:08:22","slug":"colliers-de-serrage","status":"publish","type":"page","link":"https:\/\/clamps.atlanticgroup.it\/fr\/colliers-de-serrage\/","title":{"rendered":"Colliers de serrage"},"content":{"rendered":"<div class=\"wpb-content-wrapper\"><p>[vc_row][vc_column][vc_column_text]<\/p>\n<p class=\"p1\">Depuis plus de 40 ans, <b>Atlantic Man.<\/b> a d\u00e9velopp\u00e9 et fabriqu\u00e9 des <b>solutions de serrage et de fixation <\/b>pour des utilisations professionnelles, en particulier de <b>colliers de serrage \u00e0 tourillon<\/b> en acier inoxydable con\u00e7us pour des applications particuli\u00e8rement exigeantes et des pressions \u00e9lev\u00e9es, <b>colliers \u00e0 fil<\/b> id\u00e9aux pour serrer les tuyaux flexibles ou avec la spirale et <b>colliers \u00e0 vis<\/b> pour assurer des performances appropri\u00e9es avec des pressions moyennes.<br \/>\nLes <b>colliers de serrage<\/b> fabriqu\u00e9s par <b>Atlantic Man.<\/b> sont construit selon toutes les normes de traitement et de s\u00e9lection des mat\u00e9riaux pr\u00e9vues par la directive RoHS (r\u00e8glement 2002\/95\/CE du 1 Juillet\u00a02006)\u00a0: ce sont donc des produits au design fonctionnel caract\u00e9ris\u00e9s par leur grande robustesse, gr\u00e2ce \u00e0 l\u2019utilisation de mat\u00e9riaux de haute qualit\u00e9 qui garantissent d\u2019excellentes performances dans nombreux domaines d\u2019application, r\u00e9pondant efficacement aux besoins des domaines agricole, navale, automotive, industriel, alimentaire et bricolage.<br \/>\nL\u2019exp\u00e9rience acquise au cours de toutes ces ann\u00e9es de pr\u00e9sence constante sur le march\u00e9 permet \u00e0 <b>Atlantic Man<\/b>. non seulement de produire des colliers de qualit\u00e9 sup\u00e9rieure, mais aussi de r\u00e9pondre rapidement \u00e0 tous les besoins des clients, en d\u00e9veloppant des produits sur un dessin sp\u00e9cifique ou en personnalisant l\u2019emballage. Aussi, <b>Atlantic Man.<\/b> est aujourd\u2019hui la seule entreprise capable de combiner la haute qualit\u00e9 d\u2019un <b>collier de serrage<\/b> en acier inoxydable avec la m\u00eame comp\u00e9titivit\u00e9 de prix d\u2019un produit en acier galvanis\u00e9, assurant ainsi la performance et la r\u00e9sistance de l\u2019acier inoxydable m\u00eame dans les applications les plus \u00e9conomiques.<\/p>\n<p>[\/vc_column_text][\/vc_column][\/vc_row]<\/p>\n<\/div>","protected":false},"excerpt":{"rendered":"<p>[vc_row][vc_column][vc_column_text] Depuis plus de 40 ans, Atlantic Man. a d\u00e9velopp\u00e9 et fabriqu\u00e9 des solutions de serrage et de fixation pour des utilisations professionnelles, en particulier de<span class=\"excerpt-hellip\"> [\u2026]<\/span><\/p>\n","protected":false},"author":1,"featured_media":0,"parent":0,"menu_order":0,"comment_status":"closed","ping_status":"closed","template":"template-portfolio.php","meta":{"footnotes":""},"class_list":["post-393","page","type-page","status-publish","hentry"],"yoast_head":"<!-- This site is optimized with the Yoast SEO plugin v27.0 - https:\/\/yoast.com\/product\/yoast-seo-wordpress\/ -->\n<title>Colliers de serrage - Colliers \u00e0 tourillons | Atlantic Group<\/title>\n<meta name=\"description\" content=\"Atlantic Man. a d\u00e9velopp\u00e9 et fabriqu\u00e9 des solutions de serrage et de fixation pour des utilisations professionnelles.\" \/>\n<meta name=\"robots\" content=\"index, follow, max-snippet:-1, max-image-preview:large, max-video-preview:-1\" \/>\n<link rel=\"canonical\" href=\"https:\/\/clamps.atlanticgroup.it\/fr\/colliers-de-serrage\/\" \/>\n<meta property=\"og:locale\" content=\"fr_FR\" \/>\n<meta property=\"og:type\" content=\"article\" \/>\n<meta property=\"og:title\" content=\"Colliers de serrage - Colliers \u00e0 tourillons | Atlantic Group\" \/>\n<meta property=\"og:description\" content=\"Atlantic Man. a d\u00e9velopp\u00e9 et fabriqu\u00e9 des solutions de serrage et de fixation pour des utilisations professionnelles.\" \/>\n<meta property=\"og:url\" content=\"https:\/\/clamps.atlanticgroup.it\/fr\/colliers-de-serrage\/\" \/>\n<meta property=\"og:site_name\" content=\"Colliers \u00e0 tourillons | Atlantic Group\" \/>\n<meta property=\"article:publisher\" content=\"https:\/\/www.facebook.com\/AtlanticManSrl\" \/>\n<meta property=\"article:modified_time\" content=\"2023-05-26T08:08:22+00:00\" \/>\n<meta name=\"twitter:card\" content=\"summary_large_image\" \/>\n<meta name=\"twitter:label1\" content=\"Dur\u00e9e de lecture estim\u00e9e\" \/>\n\t<meta name=\"twitter:data1\" content=\"2 minutes\" \/>\n<script type=\"application\/ld+json\" class=\"yoast-schema-graph\">{\"@context\":\"https:\/\/schema.org\",\"@graph\":[{\"@type\":\"WebPage\",\"@id\":\"https:\/\/clamps.atlanticgroup.it\/fr\/colliers-de-serrage\/\",\"url\":\"https:\/\/clamps.atlanticgroup.it\/fr\/colliers-de-serrage\/\",\"name\":\"Colliers de serrage - Colliers \u00e0 tourillons | Atlantic Group\",\"isPartOf\":{\"@id\":\"https:\/\/clamps.atlanticgroup.it\/#website\"},\"datePublished\":\"2019-03-12T16:28:35+00:00\",\"dateModified\":\"2023-05-26T08:08:22+00:00\",\"description\":\"Atlantic Man. a d\u00e9velopp\u00e9 et fabriqu\u00e9 des solutions de serrage et de fixation pour des utilisations professionnelles.\",\"breadcrumb\":{\"@id\":\"https:\/\/clamps.atlanticgroup.it\/fr\/colliers-de-serrage\/#breadcrumb\"},\"inLanguage\":\"fr-FR\",\"potentialAction\":[{\"@type\":\"ReadAction\",\"target\":[\"https:\/\/clamps.atlanticgroup.it\/fr\/colliers-de-serrage\/\"]}]},{\"@type\":\"BreadcrumbList\",\"@id\":\"https:\/\/clamps.atlanticgroup.it\/fr\/colliers-de-serrage\/#breadcrumb\",\"itemListElement\":[{\"@type\":\"ListItem\",\"position\":1,\"name\":\"Home\",\"item\":\"https:\/\/clamps.atlanticgroup.it\/fr\/\"},{\"@type\":\"ListItem\",\"position\":2,\"name\":\"Colliers de serrage\"}]},{\"@type\":\"WebSite\",\"@id\":\"https:\/\/clamps.atlanticgroup.it\/#website\",\"url\":\"https:\/\/clamps.atlanticgroup.it\/\",\"name\":\"Colliers \u00e0 tourillons | Atlantic Group\",\"description\":\"\",\"publisher\":{\"@id\":\"https:\/\/clamps.atlanticgroup.it\/#organization\"},\"potentialAction\":[{\"@type\":\"SearchAction\",\"target\":{\"@type\":\"EntryPoint\",\"urlTemplate\":\"https:\/\/clamps.atlanticgroup.it\/?s={search_term_string}\"},\"query-input\":{\"@type\":\"PropertyValueSpecification\",\"valueRequired\":true,\"valueName\":\"search_term_string\"}}],\"inLanguage\":\"fr-FR\"},{\"@type\":\"Organization\",\"@id\":\"https:\/\/clamps.atlanticgroup.it\/#organization\",\"name\":\"Colliers \u00e0 tourillons | Atlantic Group\",\"url\":\"https:\/\/clamps.atlanticgroup.it\/\",\"logo\":{\"@type\":\"ImageObject\",\"inLanguage\":\"fr-FR\",\"@id\":\"https:\/\/clamps.atlanticgroup.it\/#\/schema\/logo\/image\/\",\"url\":\"https:\/\/clamps.atlanticgroup.it\/wp-content\/uploads\/2019\/03\/atlantic-group-castelnovo-sotto.png\",\"contentUrl\":\"https:\/\/clamps.atlanticgroup.it\/wp-content\/uploads\/2019\/03\/atlantic-group-castelnovo-sotto.png\",\"width\":350,\"height\":66,\"caption\":\"Colliers \u00e0 tourillons | Atlantic Group\"},\"image\":{\"@id\":\"https:\/\/clamps.atlanticgroup.it\/#\/schema\/logo\/image\/\"},\"sameAs\":[\"https:\/\/www.facebook.com\/AtlanticManSrl\",\"https:\/\/www.linkedin.com\/company\/atlantic-man-s.r.l.\/\"]}]}<\/script>\n<!-- \/ Yoast SEO plugin. -->","yoast_head_json":{"title":"Colliers de serrage - Colliers \u00e0 tourillons | Atlantic Group","description":"Atlantic Man. a d\u00e9velopp\u00e9 et fabriqu\u00e9 des solutions de serrage et de fixation pour des utilisations professionnelles.","robots":{"index":"index","follow":"follow","max-snippet":"max-snippet:-1","max-image-preview":"max-image-preview:large","max-video-preview":"max-video-preview:-1"},"canonical":"https:\/\/clamps.atlanticgroup.it\/fr\/colliers-de-serrage\/","og_locale":"fr_FR","og_type":"article","og_title":"Colliers de serrage - Colliers \u00e0 tourillons | Atlantic Group","og_description":"Atlantic Man. a d\u00e9velopp\u00e9 et fabriqu\u00e9 des solutions de serrage et de fixation pour des utilisations professionnelles.","og_url":"https:\/\/clamps.atlanticgroup.it\/fr\/colliers-de-serrage\/","og_site_name":"Colliers \u00e0 tourillons | Atlantic Group","article_publisher":"https:\/\/www.facebook.com\/AtlanticManSrl","article_modified_time":"2023-05-26T08:08:22+00:00","twitter_card":"summary_large_image","twitter_misc":{"Dur\u00e9e de lecture estim\u00e9e":"2 minutes"},"schema":{"@context":"https:\/\/schema.org","@graph":[{"@type":"WebPage","@id":"https:\/\/clamps.atlanticgroup.it\/fr\/colliers-de-serrage\/","url":"https:\/\/clamps.atlanticgroup.it\/fr\/colliers-de-serrage\/","name":"Colliers de serrage - Colliers \u00e0 tourillons | Atlantic Group","isPartOf":{"@id":"https:\/\/clamps.atlanticgroup.it\/#website"},"datePublished":"2019-03-12T16:28:35+00:00","dateModified":"2023-05-26T08:08:22+00:00","description":"Atlantic Man. a d\u00e9velopp\u00e9 et fabriqu\u00e9 des solutions de serrage et de fixation pour des utilisations professionnelles.","breadcrumb":{"@id":"https:\/\/clamps.atlanticgroup.it\/fr\/colliers-de-serrage\/#breadcrumb"},"inLanguage":"fr-FR","potentialAction":[{"@type":"ReadAction","target":["https:\/\/clamps.atlanticgroup.it\/fr\/colliers-de-serrage\/"]}]},{"@type":"BreadcrumbList","@id":"https:\/\/clamps.atlanticgroup.it\/fr\/colliers-de-serrage\/#breadcrumb","itemListElement":[{"@type":"ListItem","position":1,"name":"Home","item":"https:\/\/clamps.atlanticgroup.it\/fr\/"},{"@type":"ListItem","position":2,"name":"Colliers de serrage"}]},{"@type":"WebSite","@id":"https:\/\/clamps.atlanticgroup.it\/#website","url":"https:\/\/clamps.atlanticgroup.it\/","name":"Colliers \u00e0 tourillons | Atlantic Group","description":"","publisher":{"@id":"https:\/\/clamps.atlanticgroup.it\/#organization"},"potentialAction":[{"@type":"SearchAction","target":{"@type":"EntryPoint","urlTemplate":"https:\/\/clamps.atlanticgroup.it\/?s={search_term_string}"},"query-input":{"@type":"PropertyValueSpecification","valueRequired":true,"valueName":"search_term_string"}}],"inLanguage":"fr-FR"},{"@type":"Organization","@id":"https:\/\/clamps.atlanticgroup.it\/#organization","name":"Colliers \u00e0 tourillons | Atlantic Group","url":"https:\/\/clamps.atlanticgroup.it\/","logo":{"@type":"ImageObject","inLanguage":"fr-FR","@id":"https:\/\/clamps.atlanticgroup.it\/#\/schema\/logo\/image\/","url":"https:\/\/clamps.atlanticgroup.it\/wp-content\/uploads\/2019\/03\/atlantic-group-castelnovo-sotto.png","contentUrl":"https:\/\/clamps.atlanticgroup.it\/wp-content\/uploads\/2019\/03\/atlantic-group-castelnovo-sotto.png","width":350,"height":66,"caption":"Colliers \u00e0 tourillons | Atlantic Group"},"image":{"@id":"https:\/\/clamps.atlanticgroup.it\/#\/schema\/logo\/image\/"},"sameAs":["https:\/\/www.facebook.com\/AtlanticManSrl","https:\/\/www.linkedin.com\/company\/atlantic-man-s.r.l.\/"]}]}},"_links":{"self":[{"href":"https:\/\/clamps.atlanticgroup.it\/fr\/wp-json\/wp\/v2\/pages\/393","targetHints":{"allow":["GET"]}}],"collection":[{"href":"https:\/\/clamps.atlanticgroup.it\/fr\/wp-json\/wp\/v2\/pages"}],"about":[{"href":"https:\/\/clamps.atlanticgroup.it\/fr\/wp-json\/wp\/v2\/types\/page"}],"author":[{"embeddable":true,"href":"https:\/\/clamps.atlanticgroup.it\/fr\/wp-json\/wp\/v2\/users\/1"}],"replies":[{"embeddable":true,"href":"https:\/\/clamps.atlanticgroup.it\/fr\/wp-json\/wp\/v2\/comments?post=393"}],"version-history":[{"count":3,"href":"https:\/\/clamps.atlanticgroup.it\/fr\/wp-json\/wp\/v2\/pages\/393\/revisions"}],"predecessor-version":[{"id":538,"href":"https:\/\/clamps.atlanticgroup.it\/fr\/wp-json\/wp\/v2\/pages\/393\/revisions\/538"}],"wp:attachment":[{"href":"https:\/\/clamps.atlanticgroup.it\/fr\/wp-json\/wp\/v2\/media?parent=393"}],"curies":[{"name":"wp","href":"https:\/\/api.w.org\/{rel}","templated":true}]}}