{"id":405,"date":"2019-03-12T10:39:39","date_gmt":"2019-03-12T09:39:39","guid":{"rendered":"http:\/\/clamps.atlanticgroup.it\/company-profile\/"},"modified":"2025-09-18T11:08:48","modified_gmt":"2025-09-18T09:08:48","slug":"profil-de-la-societe","status":"publish","type":"page","link":"https:\/\/clamps.atlanticgroup.it\/fr\/profil-de-la-societe\/","title":{"rendered":"Profil de la soci\u00e9t\u00e9"},"content":{"rendered":"<div class=\"wpb-content-wrapper\"><p>[vc_row full_width=\u00a0\u00bbstretch_row\u00a0\u00bb css=\u00a0\u00bb.vc_custom_1757675716855{padding-top: 35px !important;background-image: url(https:\/\/clamps.atlanticgroup.it\/wp-content\/uploads\/2025\/09\/40-anni-collari-bg-3.webp?id=1902) !important;background-position: center !important;background-repeat: no-repeat !important;background-size: cover !important;}\u00a0\u00bb][vc_column][vc_custom_heading text=\u00a0\u00bb<b>40 ans<\/b> de production \u00e0 vos c\u00f4t\u00e9s\u00a0\u00bb font_container=\u00a0\u00bbtag:h2|text_align:center|color:%23143662&Prime; use_theme_fonts=\u00a0\u00bbyes\u00a0\u00bb css_animation=\u00a0\u00bbfadeInDown\u00a0\u00bb css=\u00a0\u00bb\u00a0\u00bb][vc_single_image image=\u00a0\u00bb1862&Prime; img_size=\u00a0\u00bbfull\u00a0\u00bb alignment=\u00a0\u00bbcenter\u00a0\u00bb css=\u00a0\u00bb.vc_custom_1757675029144{margin-bottom: 0px !important;}\u00a0\u00bb][\/vc_column][\/vc_row][vc_row full_width=\u00a0\u00bbstretch_row_content\u00a0\u00bb equal_height=\u00a0\u00bbyes\u00a0\u00bb content_placement=\u00a0\u00bbmiddle\u00a0\u00bb][vc_column width=\u00a0\u00bb1\/2&Prime;][vc_single_image image=\u00a0\u00bb1926&Prime; img_size=\u00a0\u00bbfull\u00a0\u00bb css=\u00a0\u00bb\u00a0\u00bb][\/vc_column][vc_column width=\u00a0\u00bb1\/2&Prime;][vc_custom_heading text=\u00a0\u00bbProfil de la soci\u00e9t\u00e9\u00a0\u00bb use_theme_fonts=\u00a0\u00bbyes\u00a0\u00bb css_animation=\u00a0\u00bbfadeInDown\u00a0\u00bb css=\u00a0\u00bb.vc_custom_1758108950067{margin-bottom: 25px !important;}\u00a0\u00bb][vc_column_text css=\u00a0\u00bb\u00a0\u00bb]Avec plus de <b>40 ans d&rsquo;exp\u00e9rience dans la production et la commercialisation de colliers de serrage \u00e0 boulon, de colliers et de solutions de fixation<\/b>, Atlantic Man. vise \u00e0 \u00eatre un partenaire de r\u00e9f\u00e9rence pour ceux qui recherchent des <b>produits fiables, r\u00e9sistants et de haute qualit\u00e9<\/b>. \u00c0 notre expertise consolid\u00e9e au fil du temps, nous associons une attention constante \u00e0 l&rsquo;innovation, pour offrir un <b>service pr\u00e9cis, ponctuel et comp\u00e9titif<\/b>.  <\/p>\n<p>Notre <b>si\u00e8ge social \u00e0 Castelnovo di Sotto (Reggio Emilia)<\/b> repr\u00e9sente le c\u0153ur battant de l&rsquo;entreprise : c&rsquo;est ici que sont centralis\u00e9es les fonctions de contr\u00f4le g\u00e9n\u00e9ral, commercial et administratif, ainsi que les activit\u00e9s de <b>production, d\u00e9veloppement, conception et ing\u00e9nierie.<\/b><\/p>\n<p class=\"p1\">C&rsquo;est dans ce site que nous produisons les principaux <b>produits de fixation<\/b>, en utilisant des <b>machines et \u00e9quipements automatiques et fiables.<\/b><\/p>\n<p>Toujours au sein de l&rsquo;unit\u00e9 centrale, nous concevons, d\u00e9veloppons et r\u00e9alisons \u00e9galement <b>les lignes et<span class=\"Apple-converted-space\">  <\/span>les machines pour l&rsquo;automatisation des serres et des p\u00e9pini\u00e8res<\/b>.<\/p>\n<p class=\"p1\">Les <b>unit\u00e9s de production externes<\/b> sont quant \u00e0 elles d\u00e9di\u00e9es \u00e0 la fabrication de <b>tuyaux flexibles<\/b>.<\/p>\n<p>[\/vc_column_text][\/vc_column][\/vc_row][vc_row full_width=\u00a0\u00bbstretch_row_content_no_spaces\u00a0\u00bb css=\u00a0\u00bb.vc_custom_1758108794576{margin-bottom: 0px !important;}\u00a0\u00bb][vc_column][vc_row_inner css=\u00a0\u00bb.vc_custom_1757671376185{margin-bottom: 15px !important;}\u00a0\u00bb][vc_column_inner][vc_custom_heading text=\u00a0\u00bbCe que nous faisons\u00a0\u00bb font_container=\u00a0\u00bbtag:h2|text_align:center\u00a0\u00bb use_theme_fonts=\u00a0\u00bbyes\u00a0\u00bb css_animation=\u00a0\u00bbfadeInDown\u00a0\u00bb css=\u00a0\u00bb\u00a0\u00bb][\/vc_column_inner][\/vc_row_inner][vc_row_inner css=\u00a0\u00bb.vc_custom_1758108855545{margin-bottom: 0px !important;}\u00a0\u00bb][vc_column_inner width=\u00a0\u00bb1\/3&Prime; css=\u00a0\u00bb.vc_custom_1757665025909{padding: 15px !important;background-color: #F1F1F1 !important;}\u00a0\u00bb]<div class=\"icon_box icon_position_top no_border\"><a class=\"\" href=\"https:\/\/clamps.atlanticgroup.it\/fr\/colliers-de-serrage\/\" target=\"_blank\"  title=\"\"><div class=\"image_wrapper\"><img loading=\"lazy\" decoding=\"async\" class=\"scale-with-grid\" src=\"https:\/\/clamps.atlanticgroup.it\/wp-content\/uploads\/2025\/05\/collare-stringitubo-a-bullone-in-acciaio-1.jpg\" alt=\"collare-stringitubo-a-bullone-in-acciaio-1\" width=\"1200\" height=\"1200\"\/><\/div><div class=\"desc_wrapper\"><h4 class=\"title \">Colliers et brides de serrage<\/h4><div class=\"desc\">Colliers pour les applications professionnelles lourdes et pour l&rsquo;industrie l\u00e9g\u00e8re et le jardinage.<\/div><\/div><\/a><\/div>\n[\/vc_column_inner][vc_column_inner width=\u00a0\u00bb1\/3&Prime; css=\u00a0\u00bb.vc_custom_1757665057982{padding: 15px !important;background-color: #F1F1F1 !important;}\u00a0\u00bb]<div class=\"icon_box icon_position_top no_border\"><a class=\"\" href=\"https:\/\/tech.atlanticgroup.it\/it\/tecnologie-per-vivai\/\" target=\"_blank\"  title=\"\"><div class=\"image_wrapper\"><img loading=\"lazy\" decoding=\"async\" class=\"scale-with-grid\" src=\"https:\/\/clamps.atlanticgroup.it\/wp-content\/uploads\/2025\/09\/macchinari-serre-vivai-copia.webp\" alt=\"macchinari-serre-vivai copia\" width=\"1200\" height=\"1200\"\/><\/div><div class=\"desc_wrapper\"><h4 class=\"title \">Machines pour serres et p\u00e9pini\u00e8res<\/h4><div class=\"desc\">Automatisations de tout type dans le secteur de l&rsquo;Horticulture et des P\u00e9pini\u00e8res, serres pour la croissance et la production.<\/div><\/div><\/a><\/div>\n[\/vc_column_inner][vc_column_inner width=\u00a0\u00bb1\/3&Prime; css=\u00a0\u00bb.vc_custom_1757665075305{padding: 15px !important;background-color: #F1F1F1 !important;}\u00a0\u00bb]<div class=\"icon_box icon_position_top no_border\"><div class=\"image_wrapper\"><img loading=\"lazy\" decoding=\"async\" class=\"scale-with-grid\" src=\"https:\/\/clamps.atlanticgroup.it\/wp-content\/uploads\/2025\/09\/atlantic-tubi-1.jpg\" alt=\"atlantic-tubi\" width=\"600\" height=\"600\"\/><\/div><div class=\"desc_wrapper\"><h4 class=\"title \">Tuyaux flexibles en PVC<\/h4><div class=\"desc\">Tuyaux de refoulement et d&rsquo;aspiration, pour la grande distribution, l&rsquo;agriculture et l&rsquo;industrie.<\/div><\/div><\/div>\n[\/vc_column_inner][\/vc_row_inner][\/vc_column][\/vc_row][vc_row full_width=\u00a0\u00bbstretch_row\u00a0\u00bb css=\u00a0\u00bb.vc_custom_1758106854164{padding-top: 50px !important;padding-bottom: 50px !important;background-image: url(https:\/\/clamps.atlanticgroup.it\/wp-content\/uploads\/2025\/09\/atlantic-man-rd-2.webp?id=2170) !important;background-position: center !important;background-repeat: no-repeat !important;background-size: cover !important;}\u00a0\u00bb][vc_column][vc_row_inner equal_height=\u00a0\u00bbyes\u00a0\u00bb content_placement=\u00a0\u00bbmiddle\u00a0\u00bb][vc_column_inner width=\u00a0\u00bb1\/2&Prime;][\/vc_column_inner][vc_column_inner width=\u00a0\u00bb1\/2&Prime;][vc_custom_heading text=\u00a0\u00bbRecherche &amp; D\u00e9veloppement\u00a0\u00bb font_container=\u00a0\u00bbtag:h2|text_align:left|color:%23FEEF09&Prime; use_theme_fonts=\u00a0\u00bbyes\u00a0\u00bb css_animation=\u00a0\u00bbfadeInDown\u00a0\u00bb css=\u00a0\u00bb.vc_custom_1758107140279{margin-bottom: 25px !important;}\u00a0\u00bb][vc_column_text css=\u00a0\u00bb\u00a0\u00bb el_class=\u00a0\u00bbwp-block-cover-text glass-effect\u00a0\u00bb]Pour Atlantic Man., la <b>Recherche et D\u00e9veloppement<\/b> a toujours \u00e9t\u00e9 un pilier fondamental de sa croissance. Nous investissons continuellement dans l&rsquo;innovation pour garantir la <b>qualit\u00e9<\/b>, la <b>fiabilit\u00e9<\/b> et la <b>comp\u00e9titivit\u00e9<\/b> dans toutes nos productions[\/vc_column_text][vc_column_text css=\u00a0\u00bb\u00a0\u00bb el_class=\u00a0\u00bbwp-block-cover-text glass-effect\u00a0\u00bb]Les nombreux <b>brevets internationaux<\/b> obtenus au fil des ann\u00e9es sont la preuve concr\u00e8te de notre engagement \u00e0 cr\u00e9er des solutions \u00e9volu\u00e9es et en phase avec notre temps.[\/vc_column_text][vc_column_text css=\u00a0\u00bb\u00a0\u00bb el_class=\u00a0\u00bbwp-block-cover-text glass-effect\u00a0\u00bb]Toujours attentifs aux changements qui ont transform\u00e9 l&rsquo;industrie et l&rsquo;\u00e9conomie mondiale, nous avons choisi de maintenir la <b>production en Italie<\/b>, comme valeur ajout\u00e9e pour assurer \u00e0 nos Clients une cha\u00eene d&rsquo;approvisionnement directement contr\u00f4l\u00e9e, avec la <b>qualit\u00e9 et le style Made in Italy<\/b>, conforme aux normes europ\u00e9ennes avec le <b>marquage CE<\/b>.[\/vc_column_text][\/vc_column_inner][\/vc_row_inner][\/vc_column][\/vc_row][vc_row full_width=\u00a0\u00bbstretch_row\u00a0\u00bb css=\u00a0\u00bb.vc_custom_1757674798606{background-color: #252832 !important;}\u00a0\u00bb][vc_column][vc_row_inner equal_height=\u00a0\u00bbyes\u00a0\u00bb content_placement=\u00a0\u00bbtop\u00a0\u00bb][vc_column_inner width=\u00a0\u00bb1\/3&Prime;][vc_custom_heading text=\u00a0\u00bbNous exportons vers tous les Continents et dans plusieurs d&apos;entre eux, nous sommes pr\u00e9sents avec nos propres filiales ou en joint-venture.\u00a0\u00bb font_container=\u00a0\u00bbtag:h3|text_align:left|color:%23ffffff\u00a0\u00bb google_fonts=\u00a0\u00bbfont_family:Lato%3A100%2C100italic%2C300%2C300italic%2Cregular%2Citalic%2C700%2C700italic%2C900%2C900italic|font_style:300%20light%20regular%3A300%3Anormal\u00a0\u00bb css_animation=\u00a0\u00bbfadeIn\u00a0\u00bb css=\u00a0\u00bb.vc_custom_1757603458953{margin-top: 45px !important;}\u00a0\u00bb][\/vc_column_inner][vc_column_inner width=\u00a0\u00bb2\/3&Prime;][vc_single_image image=\u00a0\u00bb1845&Prime; img_size=\u00a0\u00bbfull\u00a0\u00bb alignment=\u00a0\u00bbcenter\u00a0\u00bb css=\u00a0\u00bb\u00a0\u00bb][\/vc_column_inner][\/vc_row_inner][vc_row_inner][vc_column_inner width=\u00a0\u00bb1\/4&Prime;]<div class=\"quick_fact align_center animate-math\"><div class=\"number-wrapper\"><span class=\"number\" data-to=\"40\">40<\/span><span class=\"label postfix\">+<\/span><\/div><h3 class=\"title title_tag \">ANS<\/h3><hr class=\"hr_narrow\" \/><div class=\"desc\">d\u2019experience<\/div><\/div>\n[\/vc_column_inner][vc_column_inner width=\u00a0\u00bb1\/4&Prime;]<div class=\"quick_fact align_center animate-math\"><div class=\"number-wrapper\"><span class=\"number\" data-to=\"50\">50<\/span><\/div><h3 class=\"title title_tag \">POURCENT<\/h3><hr class=\"hr_narrow\" \/><div class=\"desc\">de ventes \u00e0 l\u2019\u00e9tranger<\/div><\/div>\n[\/vc_column_inner][vc_column_inner width=\u00a0\u00bb1\/4&Prime;]<div class=\"quick_fact align_center animate-math\"><div class=\"number-wrapper\"><span class=\"number\" data-to=\"68\">68<\/span><\/div><h3 class=\"title title_tag \">PAYS<\/h3><hr class=\"hr_narrow\" \/><div class=\"desc\">vers lequel nous exportons<\/div><\/div>\n[\/vc_column_inner][vc_column_inner width=\u00a0\u00bb1\/4&Prime;]<div class=\"quick_fact align_center animate-math\"><div class=\"number-wrapper\"><span class=\"number\" data-to=\"3000\">3000<\/span><span class=\"label postfix\">+<\/span><\/div><h3 class=\"title title_tag \">CLIENTS<\/h3><hr class=\"hr_narrow\" \/><div class=\"desc\">dans le mond entier<\/div><\/div>\n[\/vc_column_inner][\/vc_row_inner][\/vc_column][\/vc_row][vc_row full_width=\u00a0\u00bbstretch_row\u00a0\u00bb css=\u00a0\u00bb.vc_custom_1757604413790{background-color: #FFFFFF !important;}\u00a0\u00bb][vc_column][vc_custom_heading text=\u00a0\u00bbCertifications\u00a0\u00bb font_container=\u00a0\u00bbtag:h2|text_align:center\u00a0\u00bb use_theme_fonts=\u00a0\u00bbyes\u00a0\u00bb css_animation=\u00a0\u00bbfadeInDown\u00a0\u00bb][vc_empty_space height=\u00a0\u00bb20px\u00a0\u00bb][vc_row_inner equal_height=\u00a0\u00bbyes\u00a0\u00bb content_placement=\u00a0\u00bbtop\u00a0\u00bb][vc_column_inner width=\u00a0\u00bb1\/3&Prime;][vc_single_image image=\u00a0\u00bb1369&Prime; img_size=\u00a0\u00bb80&#215;80&Prime; alignment=\u00a0\u00bbcenter\u00a0\u00bb onclick=\u00a0\u00bbcustom_link\u00a0\u00bb img_link_target=\u00a0\u00bb_blank\u00a0\u00bb css=\u00a0\u00bb.vc_custom_1757603905502{margin-bottom: 10px !important;padding-right: 20% !important;padding-left: 20% !important;}\u00a0\u00bb link=\u00a0\u00bbhttps:\/\/atlanticgroup.it\/wp-content\/uploads\/2024\/12\/ISO-9001-Atlantic-Man.pdf\u00a0\u00bb][vc_custom_heading text=\u00a0\u00bbUNI EN ISO 9001 : 2015&Prime; font_container=\u00a0\u00bbtag:h4|font_size:0.8em|text_align:center\u00a0\u00bb use_theme_fonts=\u00a0\u00bbyes\u00a0\u00bb css=\u00a0\u00bb\u00a0\u00bb][\/vc_column_inner][vc_column_inner width=\u00a0\u00bb1\/3&Prime;][vc_single_image image=\u00a0\u00bb1132&Prime; img_size=\u00a0\u00bb80&#215;80&Prime; alignment=\u00a0\u00bbcenter\u00a0\u00bb onclick=\u00a0\u00bbcustom_link\u00a0\u00bb img_link_target=\u00a0\u00bb_blank\u00a0\u00bb css=\u00a0\u00bb.vc_custom_1757603912371{margin-bottom: 10px !important;padding-right: 20% !important;padding-left: 20% !important;}\u00a0\u00bb link=\u00a0\u00bbhttps:\/\/atlanticgroup.it\/wp-content\/uploads\/2024\/12\/ISO-14001-Atlantic-Man.pdf\u00a0\u00bb][vc_custom_heading text=\u00a0\u00bbUNI EN ISO 14001: 2015&Prime; font_container=\u00a0\u00bbtag:h4|font_size:0.8em|text_align:center\u00a0\u00bb use_theme_fonts=\u00a0\u00bbyes\u00a0\u00bb css=\u00a0\u00bb\u00a0\u00bb][\/vc_column_inner][vc_column_inner width=\u00a0\u00bb1\/3&Prime;][vc_single_image image=\u00a0\u00bb1853&Prime; img_size=\u00a0\u00bb80&#215;80&Prime; alignment=\u00a0\u00bbcenter\u00a0\u00bb onclick=\u00a0\u00bbcustom_link\u00a0\u00bb css=\u00a0\u00bb.vc_custom_1757604742953{margin-bottom: 10px !important;padding-right: 20% !important;padding-left: 20% !important;}\u00a0\u00bb link=\u00a0\u00bbhttp:\/\/#\u00a0\u00bb][vc_custom_heading text=\u00a0\u00bbUNI EN ISO 14001: 2015&Prime; font_container=\u00a0\u00bbtag:h4|font_size:0.8em|text_align:center\u00a0\u00bb use_theme_fonts=\u00a0\u00bbyes\u00a0\u00bb css=\u00a0\u00bb\u00a0\u00bb][\/vc_column_inner][\/vc_row_inner][\/vc_column][\/vc_row]<\/p>\n<\/div>","protected":false},"excerpt":{"rendered":"<p>[vc_row full_width=\u00a0\u00bbstretch_row\u00a0\u00bb css=\u00a0\u00bb.vc_custom_1757675716855{padding-top: 35px !important;background-image: url(https:\/\/clamps.atlanticgroup.it\/wp-content\/uploads\/2025\/09\/40-anni-collari-bg-3.webp?id=1902) !important;background-position: center !important;background-repeat: no-repeat !important;background-size: cover !important;}\u00a0\u00bb][vc_column][vc_custom_heading text=\u00a0\u00bb40 ans de production \u00e0 vos c\u00f4t\u00e9s\u00a0\u00bb font_container=\u00a0\u00bbtag:h2|text_align:center|color:%23143662&Prime; use_theme_fonts=\u00a0\u00bbyes\u00a0\u00bb css_animation=\u00a0\u00bbfadeInDown\u00a0\u00bb css=\u00a0\u00bb\u00a0\u00bb][vc_single_image image=\u00a0\u00bb1862&Prime; img_size=\u00a0\u00bbfull\u00a0\u00bb<span class=\"excerpt-hellip\"> [\u2026]<\/span><\/p>\n","protected":false},"author":1,"featured_media":-1,"parent":0,"menu_order":0,"comment_status":"closed","ping_status":"closed","template":"","meta":{"footnotes":""},"class_list":["post-405","page","type-page","status-publish","has-post-thumbnail","hentry"],"yoast_head":"<!-- This site is optimized with the Yoast SEO plugin v27.0 - https:\/\/yoast.com\/product\/yoast-seo-wordpress\/ -->\n<title>Profil de la soci\u00e9t\u00e9 - Colliers \u00e0 tourillons | Atlantic Group<\/title>\n<meta name=\"robots\" content=\"index, follow, max-snippet:-1, max-image-preview:large, max-video-preview:-1\" \/>\n<link rel=\"canonical\" href=\"https:\/\/clamps.atlanticgroup.it\/fr\/profil-de-la-societe\/\" \/>\n<meta property=\"og:locale\" content=\"fr_FR\" \/>\n<meta property=\"og:type\" content=\"article\" \/>\n<meta property=\"og:title\" content=\"Profil de la soci\u00e9t\u00e9 - Colliers \u00e0 tourillons | Atlantic Group\" \/>\n<meta property=\"og:description\" content=\"[vc_row full_width=\u00a0\u00bbstretch_row\u00a0\u00bb css=\u00a0\u00bb.vc_custom_1757675716855{padding-top: 35px !important;background-image: url(https:\/\/clamps.atlanticgroup.it\/wp-content\/uploads\/2025\/09\/40-anni-collari-bg-3.webp?id=1902) !important;background-position: center !important;background-repeat: no-repeat !important;background-size: cover !important;}\u00a0\u00bb][vc_column][vc_custom_heading text=\u00a0\u00bb40 ans de production \u00e0 vos c\u00f4t\u00e9s\u00a0\u00bb font_container=\u00a0\u00bbtag:h2|text_align:center|color:%23143662&Prime; use_theme_fonts=\u00a0\u00bbyes\u00a0\u00bb css_animation=\u00a0\u00bbfadeInDown\u00a0\u00bb css=\u00a0\u00bb\u00a0\u00bb][vc_single_image image=\u00a0\u00bb1862&Prime; img_size=\u00a0\u00bbfull\u00a0\u00bb [\u2026]\" \/>\n<meta property=\"og:url\" content=\"https:\/\/clamps.atlanticgroup.it\/fr\/profil-de-la-societe\/\" \/>\n<meta property=\"og:site_name\" content=\"Colliers \u00e0 tourillons | Atlantic Group\" \/>\n<meta property=\"article:publisher\" content=\"https:\/\/www.facebook.com\/AtlanticManSrl\" \/>\n<meta property=\"article:modified_time\" content=\"2025-09-18T09:08:48+00:00\" \/>\n<meta name=\"twitter:card\" content=\"summary_large_image\" \/>\n<meta name=\"twitter:label1\" content=\"Dur\u00e9e de lecture estim\u00e9e\" \/>\n\t<meta name=\"twitter:data1\" content=\"4 minutes\" \/>\n<script type=\"application\/ld+json\" class=\"yoast-schema-graph\">{\"@context\":\"https:\/\/schema.org\",\"@graph\":[{\"@type\":\"WebPage\",\"@id\":\"https:\/\/clamps.atlanticgroup.it\/fr\/profil-de-la-societe\/\",\"url\":\"https:\/\/clamps.atlanticgroup.it\/fr\/profil-de-la-societe\/\",\"name\":\"Profil de la soci\u00e9t\u00e9 - Colliers \u00e0 tourillons | Atlantic Group\",\"isPartOf\":{\"@id\":\"https:\/\/clamps.atlanticgroup.it\/#website\"},\"datePublished\":\"2019-03-12T09:39:39+00:00\",\"dateModified\":\"2025-09-18T09:08:48+00:00\",\"breadcrumb\":{\"@id\":\"https:\/\/clamps.atlanticgroup.it\/fr\/profil-de-la-societe\/#breadcrumb\"},\"inLanguage\":\"fr-FR\",\"potentialAction\":[{\"@type\":\"ReadAction\",\"target\":[\"https:\/\/clamps.atlanticgroup.it\/fr\/profil-de-la-societe\/\"]}]},{\"@type\":\"BreadcrumbList\",\"@id\":\"https:\/\/clamps.atlanticgroup.it\/fr\/profil-de-la-societe\/#breadcrumb\",\"itemListElement\":[{\"@type\":\"ListItem\",\"position\":1,\"name\":\"Home\",\"item\":\"https:\/\/clamps.atlanticgroup.it\/fr\/\"},{\"@type\":\"ListItem\",\"position\":2,\"name\":\"Profil de la soci\u00e9t\u00e9\"}]},{\"@type\":\"WebSite\",\"@id\":\"https:\/\/clamps.atlanticgroup.it\/#website\",\"url\":\"https:\/\/clamps.atlanticgroup.it\/\",\"name\":\"Colliers \u00e0 tourillons | Atlantic Group\",\"description\":\"\",\"publisher\":{\"@id\":\"https:\/\/clamps.atlanticgroup.it\/#organization\"},\"potentialAction\":[{\"@type\":\"SearchAction\",\"target\":{\"@type\":\"EntryPoint\",\"urlTemplate\":\"https:\/\/clamps.atlanticgroup.it\/?s={search_term_string}\"},\"query-input\":{\"@type\":\"PropertyValueSpecification\",\"valueRequired\":true,\"valueName\":\"search_term_string\"}}],\"inLanguage\":\"fr-FR\"},{\"@type\":\"Organization\",\"@id\":\"https:\/\/clamps.atlanticgroup.it\/#organization\",\"name\":\"Colliers \u00e0 tourillons | Atlantic Group\",\"url\":\"https:\/\/clamps.atlanticgroup.it\/\",\"logo\":{\"@type\":\"ImageObject\",\"inLanguage\":\"fr-FR\",\"@id\":\"https:\/\/clamps.atlanticgroup.it\/#\/schema\/logo\/image\/\",\"url\":\"https:\/\/clamps.atlanticgroup.it\/wp-content\/uploads\/2019\/03\/atlantic-group-castelnovo-sotto.png\",\"contentUrl\":\"https:\/\/clamps.atlanticgroup.it\/wp-content\/uploads\/2019\/03\/atlantic-group-castelnovo-sotto.png\",\"width\":350,\"height\":66,\"caption\":\"Colliers \u00e0 tourillons | Atlantic Group\"},\"image\":{\"@id\":\"https:\/\/clamps.atlanticgroup.it\/#\/schema\/logo\/image\/\"},\"sameAs\":[\"https:\/\/www.facebook.com\/AtlanticManSrl\",\"https:\/\/www.linkedin.com\/company\/atlantic-man-s.r.l.\/\"]}]}<\/script>\n<!-- \/ Yoast SEO plugin. -->","yoast_head_json":{"title":"Profil de la soci\u00e9t\u00e9 - Colliers \u00e0 tourillons | Atlantic Group","robots":{"index":"index","follow":"follow","max-snippet":"max-snippet:-1","max-image-preview":"max-image-preview:large","max-video-preview":"max-video-preview:-1"},"canonical":"https:\/\/clamps.atlanticgroup.it\/fr\/profil-de-la-societe\/","og_locale":"fr_FR","og_type":"article","og_title":"Profil de la soci\u00e9t\u00e9 - Colliers \u00e0 tourillons | Atlantic Group","og_description":"[vc_row full_width=\u00a0\u00bbstretch_row\u00a0\u00bb css=\u00a0\u00bb.vc_custom_1757675716855{padding-top: 35px !important;background-image: url(https:\/\/clamps.atlanticgroup.it\/wp-content\/uploads\/2025\/09\/40-anni-collari-bg-3.webp?id=1902) !important;background-position: center !important;background-repeat: no-repeat !important;background-size: cover !important;}\u00a0\u00bb][vc_column][vc_custom_heading text=\u00a0\u00bb40 ans de production \u00e0 vos c\u00f4t\u00e9s\u00a0\u00bb font_container=\u00a0\u00bbtag:h2|text_align:center|color:%23143662&Prime; use_theme_fonts=\u00a0\u00bbyes\u00a0\u00bb css_animation=\u00a0\u00bbfadeInDown\u00a0\u00bb css=\u00a0\u00bb\u00a0\u00bb][vc_single_image image=\u00a0\u00bb1862&Prime; img_size=\u00a0\u00bbfull\u00a0\u00bb [\u2026]","og_url":"https:\/\/clamps.atlanticgroup.it\/fr\/profil-de-la-societe\/","og_site_name":"Colliers \u00e0 tourillons | Atlantic Group","article_publisher":"https:\/\/www.facebook.com\/AtlanticManSrl","article_modified_time":"2025-09-18T09:08:48+00:00","twitter_card":"summary_large_image","twitter_misc":{"Dur\u00e9e de lecture estim\u00e9e":"4 minutes"},"schema":{"@context":"https:\/\/schema.org","@graph":[{"@type":"WebPage","@id":"https:\/\/clamps.atlanticgroup.it\/fr\/profil-de-la-societe\/","url":"https:\/\/clamps.atlanticgroup.it\/fr\/profil-de-la-societe\/","name":"Profil de la soci\u00e9t\u00e9 - Colliers \u00e0 tourillons | Atlantic Group","isPartOf":{"@id":"https:\/\/clamps.atlanticgroup.it\/#website"},"datePublished":"2019-03-12T09:39:39+00:00","dateModified":"2025-09-18T09:08:48+00:00","breadcrumb":{"@id":"https:\/\/clamps.atlanticgroup.it\/fr\/profil-de-la-societe\/#breadcrumb"},"inLanguage":"fr-FR","potentialAction":[{"@type":"ReadAction","target":["https:\/\/clamps.atlanticgroup.it\/fr\/profil-de-la-societe\/"]}]},{"@type":"BreadcrumbList","@id":"https:\/\/clamps.atlanticgroup.it\/fr\/profil-de-la-societe\/#breadcrumb","itemListElement":[{"@type":"ListItem","position":1,"name":"Home","item":"https:\/\/clamps.atlanticgroup.it\/fr\/"},{"@type":"ListItem","position":2,"name":"Profil de la soci\u00e9t\u00e9"}]},{"@type":"WebSite","@id":"https:\/\/clamps.atlanticgroup.it\/#website","url":"https:\/\/clamps.atlanticgroup.it\/","name":"Colliers \u00e0 tourillons | Atlantic Group","description":"","publisher":{"@id":"https:\/\/clamps.atlanticgroup.it\/#organization"},"potentialAction":[{"@type":"SearchAction","target":{"@type":"EntryPoint","urlTemplate":"https:\/\/clamps.atlanticgroup.it\/?s={search_term_string}"},"query-input":{"@type":"PropertyValueSpecification","valueRequired":true,"valueName":"search_term_string"}}],"inLanguage":"fr-FR"},{"@type":"Organization","@id":"https:\/\/clamps.atlanticgroup.it\/#organization","name":"Colliers \u00e0 tourillons | Atlantic Group","url":"https:\/\/clamps.atlanticgroup.it\/","logo":{"@type":"ImageObject","inLanguage":"fr-FR","@id":"https:\/\/clamps.atlanticgroup.it\/#\/schema\/logo\/image\/","url":"https:\/\/clamps.atlanticgroup.it\/wp-content\/uploads\/2019\/03\/atlantic-group-castelnovo-sotto.png","contentUrl":"https:\/\/clamps.atlanticgroup.it\/wp-content\/uploads\/2019\/03\/atlantic-group-castelnovo-sotto.png","width":350,"height":66,"caption":"Colliers \u00e0 tourillons | Atlantic Group"},"image":{"@id":"https:\/\/clamps.atlanticgroup.it\/#\/schema\/logo\/image\/"},"sameAs":["https:\/\/www.facebook.com\/AtlanticManSrl","https:\/\/www.linkedin.com\/company\/atlantic-man-s.r.l.\/"]}]}},"_links":{"self":[{"href":"https:\/\/clamps.atlanticgroup.it\/fr\/wp-json\/wp\/v2\/pages\/405","targetHints":{"allow":["GET"]}}],"collection":[{"href":"https:\/\/clamps.atlanticgroup.it\/fr\/wp-json\/wp\/v2\/pages"}],"about":[{"href":"https:\/\/clamps.atlanticgroup.it\/fr\/wp-json\/wp\/v2\/types\/page"}],"author":[{"embeddable":true,"href":"https:\/\/clamps.atlanticgroup.it\/fr\/wp-json\/wp\/v2\/users\/1"}],"replies":[{"embeddable":true,"href":"https:\/\/clamps.atlanticgroup.it\/fr\/wp-json\/wp\/v2\/comments?post=405"}],"version-history":[{"count":12,"href":"https:\/\/clamps.atlanticgroup.it\/fr\/wp-json\/wp\/v2\/pages\/405\/revisions"}],"predecessor-version":[{"id":2200,"href":"https:\/\/clamps.atlanticgroup.it\/fr\/wp-json\/wp\/v2\/pages\/405\/revisions\/2200"}],"wp:featuredmedia":[{"embeddable":true,"href":"https:\/\/clamps.atlanticgroup.it\/fr\/wp-json\/"}],"wp:attachment":[{"href":"https:\/\/clamps.atlanticgroup.it\/fr\/wp-json\/wp\/v2\/media?parent=405"}],"curies":[{"name":"wp","href":"https:\/\/api.w.org\/{rel}","templated":true}]}}